{"id":108,"date":"2025-03-17T14:07:09","date_gmt":"2025-03-17T14:07:09","guid":{"rendered":"https:\/\/prologis.rs\/?page_id=108"},"modified":"2025-06-25T13:23:25","modified_gmt":"2025-06-25T13:23:25","slug":"skladistenje-i-distribucija","status":"publish","type":"page","link":"https:\/\/prologis.rs\/index.php\/skladistenje-i-distribucija\/","title":{"rendered":"Skladi\u0161tenje i Distribucija"},"content":{"rendered":"<p>[et_pb_section fb_built=&#8221;1&#8243; fullwidth=&#8221;on&#8221; _builder_version=&#8221;4.27.4&#8243; _module_preset=&#8221;default&#8221; global_colors_info=&#8221;{}&#8221;][et_pb_fullwidth_header title=&#8221;Skladi\u0161tenje i distribucija&#8221; header_fullscreen=&#8221;on&#8221; header_scroll_down=&#8221;on&#8221; scroll_down_icon=&#8221;%%3%%&#8221; background_overlay_color=&#8221;RGBA(255,255,255,0)&#8221; content_orientation=&#8221;bottom&#8221; _builder_version=&#8221;4.27.4&#8243; _module_preset=&#8221;default&#8221; title_font_size=&#8221;1.5rem&#8221; subhead_font=&#8221;|||on|||||&#8221; subhead_text_color=&#8221;gcid-cfd8b49e-25ab-4d84-bf79-2131131f494f&#8221; subhead_font_size=&#8221;2.5rem&#8221; subhead_line_height=&#8221;1.2em&#8221; background_image=&#8221;https:\/\/prologis.rs\/wp-content\/uploads\/2025\/06\/warehouse.png&#8221; parallax=&#8221;on&#8221; global_colors_info=&#8221;{%22gcid-cfd8b49e-25ab-4d84-bf79-2131131f494f%22:%91%22subhead_text_color%22%93}&#8221;][\/et_pb_fullwidth_header][\/et_pb_section][et_pb_section fb_built=&#8221;1&#8243; _builder_version=&#8221;4.27.4&#8243; _module_preset=&#8221;default&#8221; global_colors_info=&#8221;{}&#8221;][et_pb_row _builder_version=&#8221;4.27.4&#8243; _module_preset=&#8221;default&#8221; global_colors_info=&#8221;{}&#8221;][et_pb_column type=&#8221;4_4&#8243; _builder_version=&#8221;4.27.4&#8243; _module_preset=&#8221;default&#8221; global_colors_info=&#8221;{}&#8221;][et_pb_text _builder_version=&#8221;4.27.4&#8243; _module_preset=&#8221;default&#8221; text_font=&#8221;&#8211;et_global_body_font||||||||&#8221; text_font_size=&#8221;1rem&#8221; text_orientation=&#8221;justified&#8221; global_colors_info=&#8221;{}&#8221;]<\/p>\n<p>Prate\u0107i trendove\u00a0 i opipavaju\u0107i puls\u00a0 u savremenoj \u00a0logistici u\u00a0 portfolio smo uvrstili i usluge skladi\u0161tenja i distribucije\u00a0 i na taj na\u010din kompletirali sve delatnosti modernog \u00a03PL logisti\u010dkog provajdera. Posedujemo podno i regalno javno carinsko skladi\u0161te zatvorenog tipa, kao i komercijalno skladi\u0161te u kojem za potrebe klijenata nakon okon\u010danja carinskih procedura pripremamo robu za otpremu i distribuciju . Uz pomo\u0107 modernog WMS softvera procedure su precizno ure\u0111ene i podrazumevaju: skladi\u0161tenje, utovar,istovar,pretovar,deklarisanje,pakovanje, pikovanje, paletiranje i stre\u010dovanje, pripremu i u\u010destvovanje u inspekcijskim pregledima kao i sve druge logisti\u010dke usluge neophodne da Va\u0161a robe na bezbedan na\u010din na\u0111e put do krajnjih kupaca. Savremena trgovina je bez e-commerca nezamisliva u dana\u0161nje vreme. Nakon okon\u010danih skladi\u0161niih produre po\u0161iljke pripremljene za isporuku distribuiramo sopstvenim voznim parkom i uz pomo\u0107 ugovornih podizvo\u0111a\u010da i tako omogu\u0107ujemo klijentima da zatvore krug lanca snadbevanja, i da se fokusiranju na primarnu delatnost i na taj na\u010din uve\u0107aju profit. Pridru\u017eeni \u010dlan sektora skladi\u0161tenja je i \u00a0javno carinsko skladi\u0161te otvorenog tipa u kojem vr\u0161imo skladi\u0161tenje, carinjenje i otpremu putni\u010dkih automobila, lakog i te\u0161kog teretnog programa drumskih vozila kao i pribavljanje homologacija radi nesmetane registracije vozila iz uvoza. Po\u0161to nam je bezbednost zaliha na prvom mestu otvoreno skladi\u0161te je obezbe\u0111eno protivgradnom mre\u017eom. Logistika je na\u0161 izbor, dozvolite da mi budemo Va\u0161.<\/p>\n<p>[\/et_pb_text][\/et_pb_column][\/et_pb_row][\/et_pb_section]<\/p>\n","protected":false},"excerpt":{"rendered":"<p>Prate\u0107i trendove\u00a0 i opipavaju\u0107i puls\u00a0 u savremenoj \u00a0logistici u\u00a0 portfolio smo uvrstili i usluge skladi\u0161tenja i distribucije\u00a0 i na taj na\u010din kompletirali sve delatnosti modernog \u00a03PL logisti\u010dkog provajdera. Posedujemo podno i regalno javno carinsko skladi\u0161te zatvorenog tipa, kao i komercijalno skladi\u0161te u kojem za potrebe klijenata nakon okon\u010danja carinskih procedura pripremamo robu za otpremu i [&hellip;]<\/p>\n","protected":false},"author":1,"featured_media":0,"parent":0,"menu_order":0,"comment_status":"closed","ping_status":"closed","template":"","meta":{"_et_pb_use_builder":"on","_et_pb_old_content":"<!-- wp:divi\/placeholder \/-->","_et_gb_content_width":"","footnotes":""},"class_list":["post-108","page","type-page","status-publish","hentry"],"_links":{"self":[{"href":"https:\/\/prologis.rs\/index.php\/wp-json\/wp\/v2\/pages\/108","targetHints":{"allow":["GET"]}}],"collection":[{"href":"https:\/\/prologis.rs\/index.php\/wp-json\/wp\/v2\/pages"}],"about":[{"href":"https:\/\/prologis.rs\/index.php\/wp-json\/wp\/v2\/types\/page"}],"author":[{"embeddable":true,"href":"https:\/\/prologis.rs\/index.php\/wp-json\/wp\/v2\/users\/1"}],"replies":[{"embeddable":true,"href":"https:\/\/prologis.rs\/index.php\/wp-json\/wp\/v2\/comments?post=108"}],"version-history":[{"count":13,"href":"https:\/\/prologis.rs\/index.php\/wp-json\/wp\/v2\/pages\/108\/revisions"}],"predecessor-version":[{"id":576,"href":"https:\/\/prologis.rs\/index.php\/wp-json\/wp\/v2\/pages\/108\/revisions\/576"}],"wp:attachment":[{"href":"https:\/\/prologis.rs\/index.php\/wp-json\/wp\/v2\/media?parent=108"}],"curies":[{"name":"wp","href":"https:\/\/api.w.org\/{rel}","templated":true}]}}