{"id":226,"date":"2025-03-25T11:47:24","date_gmt":"2025-03-25T11:47:24","guid":{"rendered":"https:\/\/prologis.rs\/?page_id=226"},"modified":"2025-11-15T10:50:17","modified_gmt":"2025-11-15T10:50:17","slug":"karijera","status":"publish","type":"page","link":"https:\/\/prologis.rs\/index.php\/karijera\/","title":{"rendered":"Karijera"},"content":{"rendered":"<p>[et_pb_section fb_built=&#8221;1&#8243; fullwidth=&#8221;on&#8221; _builder_version=&#8221;4.27.4&#8243; _module_preset=&#8221;default&#8221; global_colors_info=&#8221;{}&#8221;][et_pb_fullwidth_header title=&#8221;Karijera&#8221; header_fullscreen=&#8221;on&#8221; content_orientation=&#8221;bottom&#8221; _builder_version=&#8221;4.27.4&#8243; _module_preset=&#8221;default&#8221; background_image=&#8221;https:\/\/prologis.rs\/wp-content\/uploads\/2025\/06\/career.png&#8221; global_colors_info=&#8221;{}&#8221;][\/et_pb_fullwidth_header][\/et_pb_section][et_pb_section fb_built=&#8221;1&#8243; _builder_version=&#8221;4.27.4&#8243; _module_preset=&#8221;default&#8221; global_colors_info=&#8221;{}&#8221;][et_pb_row _builder_version=&#8221;4.27.4&#8243; _module_preset=&#8221;default&#8221; global_colors_info=&#8221;{}&#8221;][et_pb_column type=&#8221;4_4&#8243; _builder_version=&#8221;4.27.4&#8243; _module_preset=&#8221;default&#8221; global_colors_info=&#8221;{}&#8221;][et_pb_text _builder_version=&#8221;4.27.4&#8243; _module_preset=&#8221;default&#8221; text_font_size=&#8221;1rem&#8221; text_orientation=&#8221;justified&#8221; global_colors_info=&#8221;{}&#8221;]<\/p>\n<p><span>Nema uspe\u0161ne kompanije bez vrhunskog tima. Najve\u0107u vrednost PROLOGIS-a predstavljaju zaposleni. Trudimo se da iz dana u dan napredujemo na profesionalnom planu . \u00a0Ako si timski igra\u010d kojem su bitna stabilna primanja, zdravo radno okru\u017eenje, mogu\u0107nost napretka, i spreman si da se izbori\u0161 sa izazovima koje name\u0107e moderna logistika bez obzira da li poseduje\u0161 radno iskustvo ili ne, \u00a0PROLOGIS porodica je tvog logisti\u010dan izbor. O\u010dekujemo tvoj CV na <\/span><a href=\"mailto:karijera@prologis.rs\" data-ogsc=\"\" title=\"mailto:karijera@prologis.rs\">karijera<span lang=\"EN-US\">@prologis.rs<\/span><\/a><\/p>\n<p>[\/et_pb_text][\/et_pb_column][\/et_pb_row][et_pb_row _builder_version=&#8221;4.27.4&#8243; _module_preset=&#8221;default&#8221; global_colors_info=&#8221;{}&#8221;][et_pb_column type=&#8221;4_4&#8243; _builder_version=&#8221;4.27.4&#8243; _module_preset=&#8221;default&#8221; global_colors_info=&#8221;{}&#8221;][et_pb_divider _builder_version=&#8221;4.27.4&#8243; _module_preset=&#8221;default&#8221; global_colors_info=&#8221;{}&#8221;][\/et_pb_divider][et_pb_text _builder_version=&#8221;4.27.4&#8243; _module_preset=&#8221;default&#8221; text_font_size=&#8221;21px&#8221; text_orientation=&#8221;center&#8221; hover_enabled=&#8221;0&#8243; sticky_enabled=&#8221;0&#8243; min_height=&#8221;40px&#8221;]<\/p>\n<p>OTVORENE POZICIJE<\/p>\n<p>[\/et_pb_text][et_pb_divider _builder_version=&#8221;4.27.4&#8243; _module_preset=&#8221;default&#8221; global_colors_info=&#8221;{}&#8221;][\/et_pb_divider][\/et_pb_column][\/et_pb_row][et_pb_row _builder_version=&#8221;4.27.4&#8243; _module_preset=&#8221;default&#8221; global_colors_info=&#8221;{}&#8221;][et_pb_column type=&#8221;4_4&#8243; _builder_version=&#8221;4.27.4&#8243; _module_preset=&#8221;default&#8221; global_colors_info=&#8221;{}&#8221;][et_pb_blurb title=&#8221; &#8211; Voza\u010d kamiona u me\u0111unarodnom transportu&#8221; icon_placement=&#8221;left&#8221; image_icon_width=&#8221;83px&#8221; _builder_version=&#8221;4.27.4&#8243; _module_preset=&#8221;default&#8221; image_icon_custom_margin=&#8221;-31px||||false|false&#8221; text_orientation=&#8221;justified&#8221; custom_margin=&#8221;0px||||false|false&#8221; hover_enabled=&#8221;0&#8243; global_colors_info=&#8221;{}&#8221; sticky_enabled=&#8221;0&#8243;][\/et_pb_blurb][et_pb_blurb title=&#8221; &#8211; Dispe\u010der&#8221; icon_placement=&#8221;left&#8221; image_icon_width=&#8221;83px&#8221; _builder_version=&#8221;4.27.4&#8243; _module_preset=&#8221;default&#8221; image_icon_custom_margin=&#8221;-31px||||false|false&#8221; text_orientation=&#8221;justified&#8221; custom_margin=&#8221;0px||||false|false&#8221; hover_enabled=&#8221;0&#8243; global_colors_info=&#8221;{}&#8221; sticky_enabled=&#8221;0&#8243;][\/et_pb_blurb][\/et_pb_column][\/et_pb_row][\/et_pb_section]<\/p>\n","protected":false},"excerpt":{"rendered":"<p>Nema uspe\u0161ne kompanije bez vrhunskog tima. Najve\u0107u vrednost PROLOGIS-a predstavljaju zaposleni. Trudimo se da iz dana u dan napredujemo na profesionalnom planu . \u00a0Ako si timski igra\u010d kojem su bitna stabilna primanja, zdravo radno okru\u017eenje, mogu\u0107nost napretka, i spreman si da se izbori\u0161 sa izazovima koje name\u0107e moderna logistika bez obzira da li poseduje\u0161 radno [&hellip;]<\/p>\n","protected":false},"author":1,"featured_media":0,"parent":0,"menu_order":0,"comment_status":"closed","ping_status":"closed","template":"","meta":{"_et_pb_use_builder":"on","_et_pb_old_content":"","_et_gb_content_width":"","footnotes":""},"class_list":["post-226","page","type-page","status-publish","hentry"],"_links":{"self":[{"href":"https:\/\/prologis.rs\/index.php\/wp-json\/wp\/v2\/pages\/226","targetHints":{"allow":["GET"]}}],"collection":[{"href":"https:\/\/prologis.rs\/index.php\/wp-json\/wp\/v2\/pages"}],"about":[{"href":"https:\/\/prologis.rs\/index.php\/wp-json\/wp\/v2\/types\/page"}],"author":[{"embeddable":true,"href":"https:\/\/prologis.rs\/index.php\/wp-json\/wp\/v2\/users\/1"}],"replies":[{"embeddable":true,"href":"https:\/\/prologis.rs\/index.php\/wp-json\/wp\/v2\/comments?post=226"}],"version-history":[{"count":10,"href":"https:\/\/prologis.rs\/index.php\/wp-json\/wp\/v2\/pages\/226\/revisions"}],"predecessor-version":[{"id":902,"href":"https:\/\/prologis.rs\/index.php\/wp-json\/wp\/v2\/pages\/226\/revisions\/902"}],"wp:attachment":[{"href":"https:\/\/prologis.rs\/index.php\/wp-json\/wp\/v2\/media?parent=226"}],"curies":[{"name":"wp","href":"https:\/\/api.w.org\/{rel}","templated":true}]}}