{"id":323,"date":"2025-04-16T09:17:50","date_gmt":"2025-04-16T09:17:50","guid":{"rendered":"https:\/\/prologis.rs\/index.php\/pocetna-magyar\/"},"modified":"2025-11-21T08:21:30","modified_gmt":"2025-11-21T08:21:30","slug":"pocetna-magyar","status":"publish","type":"page","link":"https:\/\/prologis.rs\/index.php\/hu\/pocetna-magyar\/","title":{"rendered":"F\u0151oldal"},"content":{"rendered":"<p>[et_pb_section fb_built=&#8221;1&#8243; fullwidth=&#8221;on&#8221; _builder_version=&#8221;4.27.4&#8243; _module_preset=&#8221;default&#8221; global_colors_info=&#8221;{}&#8221;][et_pb_fullwidth_slider show_arrows=&#8221;off&#8221; use_bg_overlay=&#8221;on&#8221; bg_overlay_color=&#8221;gcid-e26288d0-0bf9-46b9-81d6-dfea2455ad3c&#8221; dot_nav_custom_color=&#8221;gcid-cfd8b49e-25ab-4d84-bf79-2131131f494f&#8221; _builder_version=&#8221;4.27.4&#8243; _module_preset=&#8221;default&#8221; header_text_color=&#8221;gcid-d8712140-1ebd-475d-98ff-feb950e7e6d3&#8243; header_font_size=&#8221;2.5rem&#8221; header_line_height=&#8221;1.2em&#8221; background_image=&#8221;https:\/\/prologis.rs\/wp-content\/uploads\/2025\/03\/air-transport-management-msc.jpg&#8221; height=&#8221;75vh&#8221; hover_enabled=&#8221;0&#8243; global_colors_info=&#8221;{%22gcid-cfd8b49e-25ab-4d84-bf79-2131131f494f%22:%91%22dot_nav_custom_color%22%93,%22gcid-d8712140-1ebd-475d-98ff-feb950e7e6d3%22:%91%22header_text_color%22%93,%22gcid-e26288d0-0bf9-46b9-81d6-dfea2455ad3c%22:%91%22bg_overlay_color%22%93}&#8221; auto=&#8221;on&#8221; sticky_enabled=&#8221;0&#8243;][et_pb_slide heading=&#8221;R\u00f3lunk&#8221; button_link=&#8221;@ET-DC@eyJkeW5hbWljIjp0cnVlLCJjb250ZW50IjoicG9zdF9saW5rX3VybF9wYWdlIiwic2V0dGluZ3MiOnsicG9zdF9pZCI6IjkyIn19@&#8221; image=&#8221;https:\/\/prologis.rs\/wp-content\/uploads\/2025\/11\/globe-futuristic-1.png&#8221; use_bg_overlay=&#8221;off&#8221; use_text_overlay=&#8221;off&#8221; arrows_custom_color=&#8221;gcid-cfd8b49e-25ab-4d84-bf79-2131131f494f&#8221; _builder_version=&#8221;4.27.4&#8243; _dynamic_attributes=&#8221;button_link,button_link_2&#8243; _module_preset=&#8221;default&#8221; header_text_color=&#8221;gcid-cfd8b49e-25ab-4d84-bf79-2131131f494f&#8221; body_text_color=&#8221;gcid-cfd8b49e-25ab-4d84-bf79-2131131f494f&#8221; background_color=&#8221;gcid-0b6b4fe3-585f-4ce1-9b38-a23b822bbe19&#8243; background_enable_color=&#8221;on&#8221; background_enable_image=&#8221;off&#8221; text_orientation=&#8221;justified&#8221; filter_saturate=&#8221;102%&#8221; child_filter_saturate=&#8221;72%&#8221; child_filter_brightness=&#8221;86%&#8221; button_link_2=&#8221;@ET-DC@eyJkeW5hbWljIjp0cnVlLCJjb250ZW50IjoicG9zdF9saW5rX3VybF9wYWdlIiwic2V0dGluZ3MiOnsicG9zdF9pZCI6IjI1MSJ9fQ==@&#8221; global_colors_info=&#8221;{%22gcid-cfd8b49e-25ab-4d84-bf79-2131131f494f%22:%91%22arrows_custom_color%22,%22body_text_color%22,%22header_text_color%22%93,%22gcid-e26288d0-0bf9-46b9-81d6-dfea2455ad3c%22:%91%22bg_overlay_color%22%93,%22gcid-0b6b4fe3-585f-4ce1-9b38-a23b822bbe19%22:%91%22background_color%22%93}&#8221; sticky_transition=&#8221;on&#8221;]<\/p>\n<p data-pm-slice=\"1 1 []\"><span>C\u00e9g\u00fcnk 1990-ben alakult azzal a c\u00e9llal, hogy \u00fcgyfeleinknek kiv\u00e1l\u00f3 logisztikai t\u00e1mogat\u00e1st ny\u00fajtson, \u00e9s teljes k\u00f6r\u0171 szolg\u00e1ltat\u00e1saival egyszer\u0171s\u00edtse \u00fczletmenet\u00fcket: nemzetk\u00f6zi k\u00f6z\u00fati fuvaroz\u00e1s, l\u00e9gi- \u00e9s tengeri sz\u00e1ll\u00edtm\u00e1nyoz\u00e1s, rakt\u00e1roz\u00e1s \u00e9s eloszt\u00e1s, v\u00e1m\u00fcgyint\u00e9z\u00e9s, tan\u00e1csad\u00e1s \u00e9s expressz k\u00fcldem\u00e9nyek<\/span><\/p>\n<p>[\/et_pb_slide][et_pb_slide heading=&#8221;K\u00f6z\u00fati sz\u00e1ll\u00edt\u00e1s&#8221; button_text=&#8221;Tudjon meg t\u00f6bbet&#8221; button_link=&#8221;@ET-DC@eyJkeW5hbWljIjp0cnVlLCJjb250ZW50IjoicG9zdF9saW5rX3VybF9wYWdlIiwic2V0dGluZ3MiOnsicG9zdF9pZCI6IjcyMyJ9fQ==@&#8221; image=&#8221;https:\/\/prologis.rs\/wp-content\/uploads\/2025\/03\/drumski-2.png&#8221; use_bg_overlay=&#8221;on&#8221; bg_overlay_color=&#8221;gcid-e26288d0-0bf9-46b9-81d6-dfea2455ad3c&#8221; use_text_overlay=&#8221;off&#8221; arrows_custom_color=&#8221;gcid-cfd8b49e-25ab-4d84-bf79-2131131f494f&#8221; _builder_version=&#8221;4.27.4&#8243; _dynamic_attributes=&#8221;button_link,button_link_2&#8243; _module_preset=&#8221;default&#8221; background_color=&#8221;gcid-0b6b4fe3-585f-4ce1-9b38-a23b822bbe19&#8243; background_enable_color=&#8221;on&#8221; background_enable_image=&#8221;off&#8221; custom_button=&#8221;on&#8221; button_text_color=&#8221;gcid-0b6b4fe3-585f-4ce1-9b38-a23b822bbe19&#8243; button_bg_color=&#8221;gcid-cfd8b49e-25ab-4d84-bf79-2131131f494f&#8221; button_border_color=&#8221;gcid-cfd8b49e-25ab-4d84-bf79-2131131f494f&#8221; text_orientation=&#8221;justified&#8221; button_text_2=&#8221;K\u00e9rjen aj\u00e1nlatot&#8221; button_link_2=&#8221;@ET-DC@eyJkeW5hbWljIjp0cnVlLCJjb250ZW50IjoicG9zdF9saW5rX3VybF9wYWdlIiwic2V0dGluZ3MiOnsicG9zdF9pZCI6Ijc4OSJ9fQ==@&#8221; global_colors_info=&#8221;{%22gcid-cfd8b49e-25ab-4d84-bf79-2131131f494f%22:%91%22arrows_custom_color%22,%22button_bg_color%22,%22button_border_color%22%93,%22gcid-e26288d0-0bf9-46b9-81d6-dfea2455ad3c%22:%91%22bg_overlay_color%22%93,%22gcid-0b6b4fe3-585f-4ce1-9b38-a23b822bbe19%22:%91%22button_text_color%22,%22background_color%22%93}&#8221; sticky_transition=&#8221;on&#8221;]<\/p>\n<p><span>A leg\u00fajabb gener\u00e1ci\u00f3s, euro 6-os k\u00f6rnyezetv\u00e9delmi besorol\u00e1s\u00fa g\u00e9pj\u00e1rm\u0171vekb\u0151l \u00e1ll\u00f3 saj\u00e1t j\u00e1rm\u0171parkunk, valamint az ellen\u0151rz\u00f6tt partnerek-alv\u00e1llalkoz\u00f3k sz\u00e9les h\u00e1l\u00f3zata nyer\u0151 kombin\u00e1ci\u00f3t jelent minden sz\u00e1ll\u00edt\u00e1si kih\u00edv\u00e1s sikeres megval\u00f3s\u00edt\u00e1s\u00e1hoz. A nemzetk\u00f6zi fuvaroz\u00e1si piac gyakori v\u00e1ltoz\u00e1sai rugalmas fuvaroz\u00f3v\u00e1 tettek benn\u00fcnket, amely rekordid\u0151 alatt teljes\u00edti az \u00f6sszes \u00fcgyf\u00e9lig\u00e9nyt. A ter\u00fcletekre, orsz\u00e1gokra, k\u00f6rzetekre \u00e9s v\u00e1rosokra val\u00f3 feloszt\u00e1s nem tartozik a mi \u00fczletpolitik\u00e1nkba&#8230;<\/span><\/p>\n<p>[\/et_pb_slide][et_pb_slide heading=&#8221;Haj\u00f3sz\u00e1ll\u00edt\u00e1s&#8221; button_text=&#8221;Tudjon meg t\u00f6bbet&#8221; button_link=&#8221;@ET-DC@eyJkeW5hbWljIjp0cnVlLCJjb250ZW50IjoicG9zdF9saW5rX3VybF9wYWdlIiwic2V0dGluZ3MiOnsicG9zdF9pZCI6IjcxNyJ9fQ==@&#8221; image=&#8221;https:\/\/prologis.rs\/wp-content\/uploads\/2025\/03\/brod.png&#8221; use_bg_overlay=&#8221;on&#8221; bg_overlay_color=&#8221;gcid-e26288d0-0bf9-46b9-81d6-dfea2455ad3c&#8221; use_text_overlay=&#8221;off&#8221; arrows_custom_color=&#8221;gcid-cfd8b49e-25ab-4d84-bf79-2131131f494f&#8221; _builder_version=&#8221;4.27.4&#8243; _dynamic_attributes=&#8221;button_link,button_link_2&#8243; _module_preset=&#8221;default&#8221; background_color=&#8221;gcid-0b6b4fe3-585f-4ce1-9b38-a23b822bbe19&#8243; background_enable_color=&#8221;on&#8221; background_enable_image=&#8221;off&#8221; custom_button=&#8221;on&#8221; button_text_color=&#8221;gcid-0b6b4fe3-585f-4ce1-9b38-a23b822bbe19&#8243; button_bg_color=&#8221;gcid-cfd8b49e-25ab-4d84-bf79-2131131f494f&#8221; button_border_color=&#8221;gcid-cfd8b49e-25ab-4d84-bf79-2131131f494f&#8221; text_orientation=&#8221;justified&#8221; button_text_2=&#8221;K\u00e9rjen aj\u00e1nlatot&#8221; button_link_2=&#8221;@ET-DC@eyJkeW5hbWljIjp0cnVlLCJjb250ZW50IjoicG9zdF9saW5rX3VybF9wYWdlIiwic2V0dGluZ3MiOnsicG9zdF9pZCI6Ijc4OSJ9fQ==@&#8221; global_colors_info=&#8221;{%22gcid-cfd8b49e-25ab-4d84-bf79-2131131f494f%22:%91%22arrows_custom_color%22,%22button_bg_color%22,%22button_border_color%22,%22arrows_custom_color%22%93,%22gcid-e26288d0-0bf9-46b9-81d6-dfea2455ad3c%22:%91%22bg_overlay_color%22,%22bg_overlay_color%22%93,%22gcid-0b6b4fe3-585f-4ce1-9b38-a23b822bbe19%22:%91%22button_text_color%22,%22background_color%22%93}&#8221; sticky_transition=&#8221;on&#8221;]<\/p>\n<div><span lang=\"EN-GB\">\u00c9vtizedes sz\u00e1ll\u00edt\u00e1si tapasztalatunk \u00e9s a kont\u00e9neres sz\u00e1ll\u00edt\u00e1s megszervez\u00e9s\u00e9nek megb\u00edzhat\u00f3 menedzsel\u00e9se biztos\u00edtotta sz\u00e1munkra a megbiz\u00e1si szerz\u0151d\u00e9seket a vil\u00e1g vezet\u0151 sz\u00e1ll\u00edtm\u00e1nyoz\u00e1si v\u00e1llalataival. V\u00e1lassza ki a kontinenst, \u00e9s mi kiv\u00e1lasztjuk \u00d6nnek a legmegb\u00edzhat\u00f3bb \u00e9s leggyorsabb sz\u00e1ll\u00edt\u00f3t&#8230;<\/span><\/div>\n<div><\/div>\n<p>[\/et_pb_slide][et_pb_slide heading=&#8221;L\u00e9gi sz\u00e1ll\u00edt\u00e1s&#8221; button_text=&#8221;Tudjon meg t\u00f6bbet&#8221; button_link=&#8221;@ET-DC@eyJkeW5hbWljIjp0cnVlLCJjb250ZW50IjoicG9zdF9saW5rX3VybF9wYWdlIiwic2V0dGluZ3MiOnsicG9zdF9pZCI6IjY4OSJ9fQ==@&#8221; image=&#8221;https:\/\/prologis.rs\/wp-content\/uploads\/2025\/03\/aviot.png&#8221; use_bg_overlay=&#8221;on&#8221; bg_overlay_color=&#8221;gcid-e26288d0-0bf9-46b9-81d6-dfea2455ad3c&#8221; _builder_version=&#8221;4.27.4&#8243; _dynamic_attributes=&#8221;button_link,button_link_2&#8243; _module_preset=&#8221;default&#8221; background_color=&#8221;gcid-0b6b4fe3-585f-4ce1-9b38-a23b822bbe19&#8243; background_enable_color=&#8221;on&#8221; background_enable_image=&#8221;off&#8221; custom_button=&#8221;on&#8221; button_text_color=&#8221;gcid-0b6b4fe3-585f-4ce1-9b38-a23b822bbe19&#8243; button_bg_color=&#8221;gcid-cfd8b49e-25ab-4d84-bf79-2131131f494f&#8221; text_orientation=&#8221;justified&#8221; button_text_2=&#8221;K\u00e9rjen aj\u00e1nlatot&#8221; button_link_2=&#8221;@ET-DC@eyJkeW5hbWljIjp0cnVlLCJjb250ZW50IjoicG9zdF9saW5rX3VybF9wYWdlIiwic2V0dGluZ3MiOnsicG9zdF9pZCI6Ijc4OSJ9fQ==@&#8221; global_colors_info=&#8221;{%22gcid-e26288d0-0bf9-46b9-81d6-dfea2455ad3c%22:%91%22bg_overlay_color%22%93,%22gcid-0b6b4fe3-585f-4ce1-9b38-a23b822bbe19%22:%91%22background_color%22,%22button_text_color%22%93,%22gcid-cfd8b49e-25ab-4d84-bf79-2131131f494f%22:%91%22button_bg_color%22%93}&#8221; sticky_transition=&#8221;on&#8221;]<\/p>\n<div><span lang=\"EN-GB\">A leggyorsabb \u00e1rusz\u00e1ll\u00edt\u00e1si m\u00f3dra van sz\u00fcks\u00e9ge egy t\u00e1voli \u00fati c\u00e9lb\u00f3l? A l\u00e9gi \u00e1rusz\u00e1ll\u00edt\u00e1s a megold\u00e1s, \u00e9s \u00d6n j\u00f3 helyen j\u00e1r ha hozz\u00e1nk fordul. Az \u00fcgyn\u00f6k\u00f6k kiterjedt h\u00e1l\u00f3zata a rep\u00fcl\u0151tereken, szerte a vil\u00e1gon lehet\u0151v\u00e9 teszi a rakom\u00e1nyok id\u0151ben t\u00f6rt\u00e9n\u0151 \u00e9s gyors lesz\u00e1ll\u00edt\u00e1s\u00e1t&#8230;<\/span><\/div>\n<p>[\/et_pb_slide][et_pb_slide heading=&#8221;Tan\u00e1csad\u00e1s&#8221; button_text=&#8221;Tudjon meg t\u00f6bbet&#8221; button_link=&#8221;@ET-DC@eyJkeW5hbWljIjp0cnVlLCJjb250ZW50IjoicG9zdF9saW5rX3VybF9wYWdlIiwic2V0dGluZ3MiOnsicG9zdF9pZCI6Ijk4In19@&#8221; image=&#8221;https:\/\/prologis.rs\/wp-content\/uploads\/2025\/03\/konsalting-1.png&#8221; use_bg_overlay=&#8221;off&#8221; _builder_version=&#8221;4.27.4&#8243; _dynamic_attributes=&#8221;button_link,button_link_2&#8243; _module_preset=&#8221;default&#8221; background_color=&#8221;gcid-0b6b4fe3-585f-4ce1-9b38-a23b822bbe19&#8243; background_enable_color=&#8221;on&#8221; background_enable_image=&#8221;off&#8221; custom_button=&#8221;on&#8221; button_text_color=&#8221;#000000&#8243; button_bg_color=&#8221;gcid-cfd8b49e-25ab-4d84-bf79-2131131f494f&#8221; button_border_width=&#8221;0px&#8221; text_orientation=&#8221;justified&#8221; button_text_2=&#8221;K\u00e9rjen aj\u00e1nlatot&#8221; button_link_2=&#8221;@ET-DC@eyJkeW5hbWljIjp0cnVlLCJjb250ZW50IjoicG9zdF9saW5rX3VybF9wYWdlIiwic2V0dGluZ3MiOnsicG9zdF9pZCI6IjI1MSJ9fQ==@&#8221; global_colors_info=&#8221;{%22gcid-e26288d0-0bf9-46b9-81d6-dfea2455ad3c%22:%91%22bg_overlay_color%22%93,%22gcid-0b6b4fe3-585f-4ce1-9b38-a23b822bbe19%22:%91%22background_color%22%93,%22gcid-cfd8b49e-25ab-4d84-bf79-2131131f494f%22:%91%22button_bg_color%22%93}&#8221; sticky_transition=&#8221;on&#8221;]<\/p>\n<div><span lang=\"EN-GB\">&#8220;A tud\u00e1s hatalom.&#8221; H\u00edvjon, k\u00fcldj\u00f6n e-mailt vagy egyeztess\u00fcnk egy tal\u00e1lkoz\u00f3t annak \u00e9rdek\u00e9ben, hogy a k\u00fclkereskedelmi, deviza- \u00e9s v\u00e1mszab\u00e1lyoz\u00e1s ter\u00fclet\u00e9r\u0151l pontos inform\u00e1ci\u00f3kat gy\u0171jts\u00fcnk \u00f6ssze, amelyek a v\u00e1melj\u00e1r\u00e1sok gyors lebonyol\u00edt\u00e1s\u00e1hoz elengedhetetlen, a sz\u00fcks\u00e9ges dokument\u00e1ci\u00f3k id\u0151ben t\u00f6rt\u00e9n\u0151 elk\u00e9sz\u00edt\u00e9s\u00e9t biztos\u00edtj\u00e1k a hat\u00e1lyos el\u0151\u00edr\u00e1soknak megfelel\u0151en&#8230;<\/span><\/div>\n<div><\/div>\n<p>[\/et_pb_slide][et_pb_slide heading=&#8221;V\u00e1m\u00fcgyint\u00e9z\u00e9s&#8221; button_text=&#8221;Tudjon meg t\u00f6bbet&#8221; button_link=&#8221;@ET-DC@eyJkeW5hbWljIjp0cnVlLCJjb250ZW50IjoicG9zdF9saW5rX3VybF9wYWdlIiwic2V0dGluZ3MiOnsicG9zdF9pZCI6IjEwNCJ9fQ==@&#8221; image=&#8221;https:\/\/prologis.rs\/wp-content\/uploads\/2025\/04\/carinsko.png&#8221; use_bg_overlay=&#8221;off&#8221; _builder_version=&#8221;4.27.4&#8243; _dynamic_attributes=&#8221;button_link,button_link_2&#8243; _module_preset=&#8221;default&#8221; background_color=&#8221;gcid-0b6b4fe3-585f-4ce1-9b38-a23b822bbe19&#8243; background_enable_color=&#8221;on&#8221; background_enable_image=&#8221;off&#8221; custom_button=&#8221;on&#8221; button_text_color=&#8221;#000000&#8243; button_bg_color=&#8221;gcid-cfd8b49e-25ab-4d84-bf79-2131131f494f&#8221; button_border_width=&#8221;0px&#8221; text_orientation=&#8221;justified&#8221; button_text_2=&#8221;K\u00e9rjen aj\u00e1nlatot&#8221; button_link_2=&#8221;@ET-DC@eyJkeW5hbWljIjp0cnVlLCJjb250ZW50IjoicG9zdF9saW5rX3VybF9wYWdlIiwic2V0dGluZ3MiOnsicG9zdF9pZCI6IjI1MSJ9fQ==@&#8221; global_colors_info=&#8221;{%22gcid-e26288d0-0bf9-46b9-81d6-dfea2455ad3c%22:%91%22bg_overlay_color%22%93,%22gcid-0b6b4fe3-585f-4ce1-9b38-a23b822bbe19%22:%91%22background_color%22%93,%22gcid-cfd8b49e-25ab-4d84-bf79-2131131f494f%22:%91%22button_bg_color%22%93}&#8221; sticky_transition=&#8221;on&#8221;]<\/p>\n<div><span lang=\"EN-GB\">T\u00f6bb \u00e9vtizedes tapasztalatunk <span>\u00a0<\/span>\u00e9s \u00fcgyfeleink \u00e1ltal megk\u00f6vetelt magas sz\u00ednvonal tette lehet\u0151v\u00e9, hogy a v\u00e1m\u00fcgyn\u00f6keink az \u00e1ruk v\u00e1mkezel\u00e9s\u00e9nek legkiv\u00e1l\u00f3bb szak\u00e9rt\u0151i, \u200b\u200bb\u00e1rmely v\u00e1melj\u00e1r\u00e1s sor\u00e1n. A v\u00e1mokm\u00e1nyok id\u0151ben t\u00f6rt\u00e9n\u0151 el\u0151k\u00e9sz\u00edt\u00e9s\u00e9vel, v\u00e1mtarifa sz\u00e1m meghat\u00e1roz\u00e1s\u00e1val \u00e9s ellen\u0151rz\u00e9s\u00e9vel a v\u00e1mk\u00e9pviselet el\u0151k\u00e9sz\u00edt\u00e9si elj\u00e1r\u00e1sai a legmodernebb szoftvermegold\u00e1sokon kereszt\u00fcl val\u00f3sulnak meg az \u00e9rkez\u00e9s\u00e9re v\u00e1r\u00f3 \u00e1ruban-term\u00e9kekben&#8230;<\/span><\/div>\n<p>[\/et_pb_slide][et_pb_slide heading=&#8221;Tranzitsz\u00e1ll\u00edt\u00e1s&#8221; button_text=&#8221;Tudjon meg t\u00f6bbet&#8221; button_link=&#8221;@ET-DC@eyJkeW5hbWljIjp0cnVlLCJjb250ZW50IjoicG9zdF9saW5rX3VybF9wYWdlIiwic2V0dGluZ3MiOnsicG9zdF9pZCI6IjEwMiJ9fQ==@&#8221; image=&#8221;https:\/\/prologis.rs\/wp-content\/uploads\/2025\/04\/tranzit-1.png&#8221; use_bg_overlay=&#8221;off&#8221; _builder_version=&#8221;4.27.4&#8243; _dynamic_attributes=&#8221;button_link,button_link_2&#8243; _module_preset=&#8221;default&#8221; background_color=&#8221;gcid-0b6b4fe3-585f-4ce1-9b38-a23b822bbe19&#8243; background_enable_color=&#8221;on&#8221; background_enable_image=&#8221;off&#8221; custom_button=&#8221;on&#8221; button_text_color=&#8221;#000000&#8243; button_bg_color=&#8221;gcid-cfd8b49e-25ab-4d84-bf79-2131131f494f&#8221; button_border_width=&#8221;0px&#8221; text_orientation=&#8221;justified&#8221; button_text_2=&#8221;K\u00e9rjen aj\u00e1nlatot&#8221; button_link_2=&#8221;@ET-DC@eyJkeW5hbWljIjp0cnVlLCJjb250ZW50IjoicG9zdF9saW5rX3VybF9wYWdlIiwic2V0dGluZ3MiOnsicG9zdF9pZCI6IjI1MSJ9fQ==@&#8221; global_colors_info=&#8221;{%22gcid-e26288d0-0bf9-46b9-81d6-dfea2455ad3c%22:%91%22bg_overlay_color%22%93,%22gcid-0b6b4fe3-585f-4ce1-9b38-a23b822bbe19%22:%91%22background_color%22%93,%22gcid-cfd8b49e-25ab-4d84-bf79-2131131f494f%22:%91%22button_bg_color%22%93}&#8221; sticky_transition=&#8221;on&#8221;]<\/p>\n<div><span lang=\"EN-GB\">A saj\u00e1t flott\u00e1nk, <span>\u00a0<\/span>valamint a vel\u00fcnk szerz\u0151d\u00e9st k\u00f6t\u00f6tt fuvaroz\u00f3 c\u00e9gek ig\u00e9nyeire v\u00e1mk\u00e9pviseletet biztos\u00edtunk az \u00e1rutov\u00e1bb\u00edt\u00e1si okm\u00e1nyok elk\u00e9sz\u00edt\u00e9se sor\u00e1n&#8230;<\/span><\/div>\n<p>[\/et_pb_slide][\/et_pb_fullwidth_slider][\/et_pb_section][et_pb_section fb_built=&#8221;1&#8243; _builder_version=&#8221;4.27.4&#8243; _module_preset=&#8221;default&#8221; global_colors_info=&#8221;{}&#8221;][et_pb_row column_structure=&#8221;1_5,1_5,1_5,1_5,1_5&#8243; use_custom_gutter=&#8221;on&#8221; gutter_width=&#8221;4&#8243; make_equal=&#8221;on&#8221; _builder_version=&#8221;4.27.4&#8243; _module_preset=&#8221;default&#8221; width=&#8221;100%&#8221; max_width=&#8221;1415px&#8221; global_colors_info=&#8221;{}&#8221;][et_pb_column type=&#8221;1_5&#8243; _builder_version=&#8221;4.27.4&#8243; _module_preset=&#8221;default&#8221; global_colors_info=&#8221;{}&#8221;][et_pb_blurb title=&#8221;Belf\u00f6ldi sz\u00e1ll\u00edt\u00e1s&#8221; use_icon=&#8221;on&#8221; font_icon=&#8221;&#xf058;||fa||900&#8243; _builder_version=&#8221;4.27.4&#8243; _module_preset=&#8221;default&#8221; text_orientation=&#8221;center&#8221; global_colors_info=&#8221;{}&#8221;][\/et_pb_blurb][\/et_pb_column][et_pb_column type=&#8221;1_5&#8243; _builder_version=&#8221;4.27.4&#8243; _module_preset=&#8221;default&#8221; global_colors_info=&#8221;{}&#8221;][et_pb_blurb title=&#8221;Nemzetk\u00f6zi sz\u00e1ll\u00edt\u00e1s&#8221; use_icon=&#8221;on&#8221; font_icon=&#8221;&#xf058;||fa||900&#8243; _builder_version=&#8221;4.27.4&#8243; _module_preset=&#8221;default&#8221; text_orientation=&#8221;center&#8221; global_colors_info=&#8221;{}&#8221;][\/et_pb_blurb][\/et_pb_column][et_pb_column type=&#8221;1_5&#8243; _builder_version=&#8221;4.27.4&#8243; _module_preset=&#8221;default&#8221; global_colors_info=&#8221;{}&#8221;][et_pb_blurb title=&#8221;V\u00e1m\u00fcgyint\u00e9z\u00e9s&#8221; use_icon=&#8221;on&#8221; font_icon=&#8221;&#xf058;||fa||900&#8243; _builder_version=&#8221;4.27.4&#8243; _module_preset=&#8221;default&#8221; text_orientation=&#8221;center&#8221; locked=&#8221;off&#8221; global_colors_info=&#8221;{}&#8221;][\/et_pb_blurb][\/et_pb_column][et_pb_column type=&#8221;1_5&#8243; _builder_version=&#8221;4.27.4&#8243; _module_preset=&#8221;default&#8221; global_colors_info=&#8221;{}&#8221;][et_pb_blurb title=&#8221;Rakt\u00e1rszolg\u00e1ltat\u00e1sok&#8221; use_icon=&#8221;on&#8221; font_icon=&#8221;&#xf058;||fa||900&#8243; _builder_version=&#8221;4.27.4&#8243; _module_preset=&#8221;default&#8221; text_orientation=&#8221;center&#8221; locked=&#8221;off&#8221; global_colors_info=&#8221;{}&#8221;][\/et_pb_blurb][\/et_pb_column][et_pb_column type=&#8221;1_5&#8243; _builder_version=&#8221;4.27.4&#8243; _module_preset=&#8221;default&#8221; global_colors_info=&#8221;{}&#8221;][et_pb_blurb title=&#8221;Expressz k\u00fcldem\u00e9nyek&#8221; use_icon=&#8221;on&#8221; font_icon=&#8221;&#xf058;||fa||900&#8243; _builder_version=&#8221;4.27.4&#8243; _module_preset=&#8221;default&#8221; text_orientation=&#8221;center&#8221; locked=&#8221;off&#8221; global_colors_info=&#8221;{}&#8221;][\/et_pb_blurb][\/et_pb_column][\/et_pb_row][\/et_pb_section]<\/p>\n","protected":false},"excerpt":{"rendered":"<p>C\u00e9g\u00fcnk 1990-ben alakult azzal a c\u00e9llal, hogy \u00fcgyfeleinknek kiv\u00e1l\u00f3 logisztikai t\u00e1mogat\u00e1st ny\u00fajtson, \u00e9s teljes k\u00f6r\u0171 szolg\u00e1ltat\u00e1saival egyszer\u0171s\u00edtse \u00fczletmenet\u00fcket: nemzetk\u00f6zi k\u00f6z\u00fati fuvaroz\u00e1s, l\u00e9gi- \u00e9s tengeri sz\u00e1ll\u00edtm\u00e1nyoz\u00e1s, rakt\u00e1roz\u00e1s \u00e9s eloszt\u00e1s, v\u00e1m\u00fcgyint\u00e9z\u00e9s, tan\u00e1csad\u00e1s \u00e9s expressz k\u00fcldem\u00e9nyekA leg\u00fajabb gener\u00e1ci\u00f3s, euro 6-os k\u00f6rnyezetv\u00e9delmi besorol\u00e1s\u00fa g\u00e9pj\u00e1rm\u0171vekb\u0151l \u00e1ll\u00f3 saj\u00e1t j\u00e1rm\u0171parkunk, valamint az ellen\u0151rz\u00f6tt partnerek-alv\u00e1llalkoz\u00f3k sz\u00e9les h\u00e1l\u00f3zata nyer\u0151 kombin\u00e1ci\u00f3t jelent minden sz\u00e1ll\u00edt\u00e1si kih\u00edv\u00e1s [&hellip;]<\/p>\n","protected":false},"author":1,"featured_media":0,"parent":0,"menu_order":0,"comment_status":"closed","ping_status":"closed","template":"","meta":{"_et_pb_use_builder":"on","_et_pb_old_content":"","_et_gb_content_width":"","footnotes":""},"class_list":["post-323","page","type-page","status-publish","hentry"],"_links":{"self":[{"href":"https:\/\/prologis.rs\/index.php\/wp-json\/wp\/v2\/pages\/323","targetHints":{"allow":["GET"]}}],"collection":[{"href":"https:\/\/prologis.rs\/index.php\/wp-json\/wp\/v2\/pages"}],"about":[{"href":"https:\/\/prologis.rs\/index.php\/wp-json\/wp\/v2\/types\/page"}],"author":[{"embeddable":true,"href":"https:\/\/prologis.rs\/index.php\/wp-json\/wp\/v2\/users\/1"}],"replies":[{"embeddable":true,"href":"https:\/\/prologis.rs\/index.php\/wp-json\/wp\/v2\/comments?post=323"}],"version-history":[{"count":13,"href":"https:\/\/prologis.rs\/index.php\/wp-json\/wp\/v2\/pages\/323\/revisions"}],"predecessor-version":[{"id":984,"href":"https:\/\/prologis.rs\/index.php\/wp-json\/wp\/v2\/pages\/323\/revisions\/984"}],"wp:attachment":[{"href":"https:\/\/prologis.rs\/index.php\/wp-json\/wp\/v2\/media?parent=323"}],"curies":[{"name":"wp","href":"https:\/\/api.w.org\/{rel}","templated":true}]}}