{"id":45,"date":"2025-03-17T10:54:16","date_gmt":"2025-03-17T10:54:16","guid":{"rendered":"https:\/\/prologis.rs\/?page_id=45"},"modified":"2025-11-21T08:20:28","modified_gmt":"2025-11-21T08:20:28","slug":"pocetna","status":"publish","type":"page","link":"https:\/\/prologis.rs\/","title":{"rendered":"Po\u010detna"},"content":{"rendered":"<p>[et_pb_section fb_built=&#8221;1&#8243; fullwidth=&#8221;on&#8221; _builder_version=&#8221;4.27.4&#8243; _module_preset=&#8221;default&#8221; global_colors_info=&#8221;{}&#8221;][et_pb_fullwidth_slider show_arrows=&#8221;off&#8221; use_bg_overlay=&#8221;on&#8221; bg_overlay_color=&#8221;gcid-e26288d0-0bf9-46b9-81d6-dfea2455ad3c&#8221; dot_nav_custom_color=&#8221;gcid-cfd8b49e-25ab-4d84-bf79-2131131f494f&#8221; _builder_version=&#8221;4.27.4&#8243; _module_preset=&#8221;default&#8221; header_text_color=&#8221;gcid-d8712140-1ebd-475d-98ff-feb950e7e6d3&#8243; header_font_size=&#8221;2.5rem&#8221; header_line_height=&#8221;1.2em&#8221; background_image=&#8221;https:\/\/prologis.rs\/wp-content\/uploads\/2025\/03\/air-transport-management-msc.jpg&#8221; height=&#8221;75vh&#8221; hover_enabled=&#8221;0&#8243; global_colors_info=&#8221;{%22gcid-cfd8b49e-25ab-4d84-bf79-2131131f494f%22:%91%22dot_nav_custom_color%22%93,%22gcid-d8712140-1ebd-475d-98ff-feb950e7e6d3%22:%91%22header_text_color%22%93,%22gcid-e26288d0-0bf9-46b9-81d6-dfea2455ad3c%22:%91%22bg_overlay_color%22%93}&#8221; auto=&#8221;on&#8221; sticky_enabled=&#8221;0&#8243;][et_pb_slide heading=&#8221;O nama&#8221; button_link=&#8221;@ET-DC@eyJkeW5hbWljIjp0cnVlLCJjb250ZW50IjoicG9zdF9saW5rX3VybF9wYWdlIiwic2V0dGluZ3MiOnsicG9zdF9pZCI6IjkyIn19@&#8221; image=&#8221;https:\/\/prologis.rs\/wp-content\/uploads\/2025\/11\/globe-futuristic-2.png&#8221; use_bg_overlay=&#8221;off&#8221; use_text_overlay=&#8221;off&#8221; arrows_custom_color=&#8221;gcid-cfd8b49e-25ab-4d84-bf79-2131131f494f&#8221; _builder_version=&#8221;4.27.4&#8243; _dynamic_attributes=&#8221;button_link,button_link_2&#8243; _module_preset=&#8221;default&#8221; header_text_color=&#8221;gcid-cfd8b49e-25ab-4d84-bf79-2131131f494f&#8221; body_text_color=&#8221;gcid-cfd8b49e-25ab-4d84-bf79-2131131f494f&#8221; background_color=&#8221;gcid-0b6b4fe3-585f-4ce1-9b38-a23b822bbe19&#8243; background_enable_color=&#8221;on&#8221; background_enable_image=&#8221;off&#8221; text_orientation=&#8221;justified&#8221; child_filter_saturate=&#8221;77%&#8221; child_filter_brightness=&#8221;79%&#8221; button_link_2=&#8221;@ET-DC@eyJkeW5hbWljIjp0cnVlLCJjb250ZW50IjoicG9zdF9saW5rX3VybF9wYWdlIiwic2V0dGluZ3MiOnsicG9zdF9pZCI6IjI1MSJ9fQ==@&#8221; global_colors_info=&#8221;{%22gcid-cfd8b49e-25ab-4d84-bf79-2131131f494f%22:%91%22arrows_custom_color%22,%22body_text_color%22,%22header_text_color%22%93,%22gcid-e26288d0-0bf9-46b9-81d6-dfea2455ad3c%22:%91%22bg_overlay_color%22%93,%22gcid-0b6b4fe3-585f-4ce1-9b38-a23b822bbe19%22:%91%22background_color%22%93}&#8221; sticky_transition=&#8221;on&#8221;]<\/p>\n<p data-pm-slice=\"1 1 []\"><span>Na\u0161a kompanija osnovana je 1990. godine sa ciljem da klijentima obezbedi vrhunsku logisti\u010dku podr\u0161ku i pojednostavi poslovanje kroz kompletan spektar usluga: me\u0111unarodni transport, skladi\u0161tenje i distribuciju, carinsko posredovanje, konsalting i po\u0161tanske usluge&#8230;<\/span><\/p>\n<p>[\/et_pb_slide][et_pb_slide heading=&#8221;Drumski transport&#8221; button_text=&#8221;Saznajte vi\u0161e&#8221; button_link=&#8221;@ET-DC@eyJkeW5hbWljIjp0cnVlLCJjb250ZW50IjoicG9zdF9saW5rX3VybF9wYWdlIiwic2V0dGluZ3MiOnsicG9zdF9pZCI6IjkyIn19@&#8221; image=&#8221;https:\/\/prologis.rs\/wp-content\/uploads\/2025\/03\/drumski-2.png&#8221; use_bg_overlay=&#8221;on&#8221; bg_overlay_color=&#8221;gcid-e26288d0-0bf9-46b9-81d6-dfea2455ad3c&#8221; use_text_overlay=&#8221;off&#8221; arrows_custom_color=&#8221;gcid-cfd8b49e-25ab-4d84-bf79-2131131f494f&#8221; _builder_version=&#8221;4.27.4&#8243; _dynamic_attributes=&#8221;button_link,button_link_2&#8243; _module_preset=&#8221;default&#8221; background_color=&#8221;gcid-0b6b4fe3-585f-4ce1-9b38-a23b822bbe19&#8243; background_enable_color=&#8221;on&#8221; background_enable_image=&#8221;off&#8221; custom_button=&#8221;on&#8221; button_text_color=&#8221;gcid-0b6b4fe3-585f-4ce1-9b38-a23b822bbe19&#8243; button_bg_color=&#8221;gcid-cfd8b49e-25ab-4d84-bf79-2131131f494f&#8221; button_border_color=&#8221;gcid-cfd8b49e-25ab-4d84-bf79-2131131f494f&#8221; text_orientation=&#8221;justified&#8221; button_text_2=&#8221;Zatra\u017ei ponudu&#8221; button_link_2=&#8221;@ET-DC@eyJkeW5hbWljIjp0cnVlLCJjb250ZW50IjoicG9zdF9saW5rX3VybF9wYWdlIiwic2V0dGluZ3MiOnsicG9zdF9pZCI6IjI1MSJ9fQ==@&#8221; global_colors_info=&#8221;{%22gcid-cfd8b49e-25ab-4d84-bf79-2131131f494f%22:%91%22arrows_custom_color%22,%22button_bg_color%22,%22button_border_color%22%93,%22gcid-e26288d0-0bf9-46b9-81d6-dfea2455ad3c%22:%91%22bg_overlay_color%22%93,%22gcid-0b6b4fe3-585f-4ce1-9b38-a23b822bbe19%22:%91%22button_text_color%22,%22background_color%22%93}&#8221; sticky_transition=&#8221;on&#8221;]<\/p>\n<p>Soptveni vozni park najnovije generacije EUR 6 kamiona, kao i \u0161iroka mre\u017ea proverenih partnera-podizvo\u0111a\u010da predstvaljaju dobitnu kombinaciju za uspe\u0161nu realizaciju svih transportnih izazova. U\u010destale promene na tr\u017ei\u0161tu me\u0111unarodnog transporta su napravile od nas fleksibilnog prevoznika koji u rekordnom roku&#8230;<\/p>\n<p>[\/et_pb_slide][et_pb_slide heading=&#8221;Brodski transport&#8221; button_text=&#8221;Saznajte vi\u0161e&#8221; button_link=&#8221;@ET-DC@eyJkeW5hbWljIjp0cnVlLCJjb250ZW50IjoicG9zdF9saW5rX3VybF9wYWdlIiwic2V0dGluZ3MiOnsicG9zdF9pZCI6Ijk0In19@&#8221; image=&#8221;https:\/\/prologis.rs\/wp-content\/uploads\/2025\/03\/brod.png&#8221; use_bg_overlay=&#8221;on&#8221; bg_overlay_color=&#8221;gcid-e26288d0-0bf9-46b9-81d6-dfea2455ad3c&#8221; use_text_overlay=&#8221;off&#8221; arrows_custom_color=&#8221;gcid-cfd8b49e-25ab-4d84-bf79-2131131f494f&#8221; _builder_version=&#8221;4.27.4&#8243; _dynamic_attributes=&#8221;button_link,button_link_2&#8243; _module_preset=&#8221;default&#8221; background_color=&#8221;gcid-0b6b4fe3-585f-4ce1-9b38-a23b822bbe19&#8243; background_enable_color=&#8221;on&#8221; background_enable_image=&#8221;off&#8221; custom_button=&#8221;on&#8221; button_text_color=&#8221;gcid-0b6b4fe3-585f-4ce1-9b38-a23b822bbe19&#8243; button_bg_color=&#8221;gcid-cfd8b49e-25ab-4d84-bf79-2131131f494f&#8221; button_border_color=&#8221;gcid-cfd8b49e-25ab-4d84-bf79-2131131f494f&#8221; text_orientation=&#8221;justified&#8221; button_text_2=&#8221;Zatra\u017ei ponudu&#8221; button_link_2=&#8221;@ET-DC@eyJkeW5hbWljIjp0cnVlLCJjb250ZW50IjoicG9zdF9saW5rX3VybF9wYWdlIiwic2V0dGluZ3MiOnsicG9zdF9pZCI6IjI1MSJ9fQ==@&#8221; global_colors_info=&#8221;{%22gcid-cfd8b49e-25ab-4d84-bf79-2131131f494f%22:%91%22arrows_custom_color%22,%22button_bg_color%22,%22button_border_color%22,%22arrows_custom_color%22%93,%22gcid-e26288d0-0bf9-46b9-81d6-dfea2455ad3c%22:%91%22bg_overlay_color%22,%22bg_overlay_color%22%93,%22gcid-0b6b4fe3-585f-4ce1-9b38-a23b822bbe19%22:%91%22button_text_color%22,%22background_color%22%93}&#8221; sticky_transition=&#8221;on&#8221;]<\/p>\n<p>Vi\u0161edecenijsko iskustvo i pouzdan na\u010din vo\u0111enja organizacije kontejnerskog transporta obezbedili su nam ugovore sa vode\u0107im svetskim brodarskim ku\u0107ama. Izaberite kontinent, a mi \u0107emo za vas izabrati najpouzdanijeg i najekspeditivnijem brodara&#8230;<\/p>\n<p>[\/et_pb_slide][et_pb_slide heading=&#8221;Avio transport&#8221; button_text=&#8221;Saznajte vi\u0161e&#8221; image=&#8221;https:\/\/prologis.rs\/wp-content\/uploads\/2025\/03\/aviot.png&#8221; use_bg_overlay=&#8221;on&#8221; bg_overlay_color=&#8221;gcid-e26288d0-0bf9-46b9-81d6-dfea2455ad3c&#8221; _builder_version=&#8221;4.27.4&#8243; _module_preset=&#8221;default&#8221; background_color=&#8221;gcid-0b6b4fe3-585f-4ce1-9b38-a23b822bbe19&#8243; background_enable_color=&#8221;on&#8221; background_enable_image=&#8221;off&#8221; custom_button=&#8221;on&#8221; button_text_color=&#8221;gcid-0b6b4fe3-585f-4ce1-9b38-a23b822bbe19&#8243; button_bg_color=&#8221;gcid-cfd8b49e-25ab-4d84-bf79-2131131f494f&#8221; text_orientation=&#8221;justified&#8221; button_text_2=&#8221;Zatra\u017ei ponudu&#8221; global_colors_info=&#8221;{%22gcid-e26288d0-0bf9-46b9-81d6-dfea2455ad3c%22:%91%22bg_overlay_color%22%93,%22gcid-0b6b4fe3-585f-4ce1-9b38-a23b822bbe19%22:%91%22background_color%22,%22button_text_color%22%93,%22gcid-cfd8b49e-25ab-4d84-bf79-2131131f494f%22:%91%22button_bg_color%22%93}&#8221; sticky_transition=&#8221;on&#8221;]<\/p>\n<p>Potreban vam je najbr\u017ei vid transporta sa udaljene destinacije? Avio transport je re\u0161enje, a vi ste na pravom mestu. Razgranata mre\u017ea agenata na aerodromima \u0161irom sveta omogu\u0107ava pravovremeno i ekspeditivno otpremanja tereta&#8230;<\/p>\n<p>[\/et_pb_slide][et_pb_slide heading=&#8221;Konsalting&#8221; button_text=&#8221;Saznajte vi\u0161e&#8221; button_link=&#8221;@ET-DC@eyJkeW5hbWljIjp0cnVlLCJjb250ZW50IjoicG9zdF9saW5rX3VybF9wYWdlIiwic2V0dGluZ3MiOnsicG9zdF9pZCI6Ijk4In19@&#8221; image=&#8221;https:\/\/prologis.rs\/wp-content\/uploads\/2025\/03\/konsalting-1.png&#8221; use_bg_overlay=&#8221;off&#8221; _builder_version=&#8221;4.27.4&#8243; _dynamic_attributes=&#8221;button_link,button_link_2&#8243; _module_preset=&#8221;default&#8221; background_color=&#8221;gcid-0b6b4fe3-585f-4ce1-9b38-a23b822bbe19&#8243; background_enable_color=&#8221;on&#8221; background_enable_image=&#8221;off&#8221; custom_button=&#8221;on&#8221; button_text_color=&#8221;#000000&#8243; button_bg_color=&#8221;gcid-cfd8b49e-25ab-4d84-bf79-2131131f494f&#8221; button_border_width=&#8221;0px&#8221; text_orientation=&#8221;justified&#8221; button_text_2=&#8221;Zatra\u017ei ponudu&#8221; button_link_2=&#8221;@ET-DC@eyJkeW5hbWljIjp0cnVlLCJjb250ZW50IjoicG9zdF9saW5rX3VybF9wYWdlIiwic2V0dGluZ3MiOnsicG9zdF9pZCI6IjI1MSJ9fQ==@&#8221; global_colors_info=&#8221;{%22gcid-e26288d0-0bf9-46b9-81d6-dfea2455ad3c%22:%91%22bg_overlay_color%22%93,%22gcid-0b6b4fe3-585f-4ce1-9b38-a23b822bbe19%22:%91%22background_color%22%93,%22gcid-cfd8b49e-25ab-4d84-bf79-2131131f494f%22:%91%22button_bg_color%22%93}&#8221; sticky_transition=&#8221;on&#8221;]<\/p>\n<p>\u201eZnanje je mo\u0107\u201d. Pozovite, po\u0161aljite e-mail ili zaka\u017eite sastanak radi prikupljanja ta\u010dnih infomacija iz oblasti spoljnotrgovinskih, deviznih i carinskih propisa koje \u0107e nam obezbediti pravovremenu pripremu dokumentacije koja je od presudnog zna\u010daja za ekspeditivno okon\u010danje carinskih postupaka u skladu sa postoje\u0107im propisima&#8230;<\/p>\n<p>[\/et_pb_slide][et_pb_slide heading=&#8221;Carinsko posredovanje&#8221; button_text=&#8221;Saznajte vi\u0161e&#8221; button_link=&#8221;@ET-DC@eyJkeW5hbWljIjp0cnVlLCJjb250ZW50IjoicG9zdF9saW5rX3VybF9wYWdlIiwic2V0dGluZ3MiOnsicG9zdF9pZCI6IjEwNCJ9fQ==@&#8221; image=&#8221;https:\/\/prologis.rs\/wp-content\/uploads\/2025\/04\/carinsko.png&#8221; use_bg_overlay=&#8221;off&#8221; _builder_version=&#8221;4.27.4&#8243; _dynamic_attributes=&#8221;button_link,button_link_2&#8243; _module_preset=&#8221;default&#8221; background_color=&#8221;gcid-0b6b4fe3-585f-4ce1-9b38-a23b822bbe19&#8243; background_enable_color=&#8221;on&#8221; background_enable_image=&#8221;off&#8221; custom_button=&#8221;on&#8221; button_text_color=&#8221;#000000&#8243; button_bg_color=&#8221;gcid-cfd8b49e-25ab-4d84-bf79-2131131f494f&#8221; button_border_width=&#8221;0px&#8221; text_orientation=&#8221;justified&#8221; button_text_2=&#8221;Zatra\u017ei ponudu&#8221; button_link_2=&#8221;@ET-DC@eyJkeW5hbWljIjp0cnVlLCJjb250ZW50IjoicG9zdF9saW5rX3VybF9wYWdlIiwic2V0dGluZ3MiOnsicG9zdF9pZCI6IjI1MSJ9fQ==@&#8221; global_colors_info=&#8221;{%22gcid-e26288d0-0bf9-46b9-81d6-dfea2455ad3c%22:%91%22bg_overlay_color%22%93,%22gcid-0b6b4fe3-585f-4ce1-9b38-a23b822bbe19%22:%91%22background_color%22%93,%22gcid-cfd8b49e-25ab-4d84-bf79-2131131f494f%22:%91%22button_bg_color%22%93}&#8221; sticky_transition=&#8221;on&#8221;]<\/p>\n<p>Decenijsko iskustvo i visoko postavljeni standardi na\u0161ih klijenata modelirali su na\u0161e carinske deklarante u vrhunske stru\u010dnjake iz oblasti carinjenja roba u bilo kojem carinskom postupku&#8230;<\/p>\n<p>[\/et_pb_slide][et_pb_slide heading=&#8221;Tranzit&#8221; button_text=&#8221;Saznajte vi\u0161e&#8221; button_link=&#8221;@ET-DC@eyJkeW5hbWljIjp0cnVlLCJjb250ZW50IjoicG9zdF9saW5rX3VybF9wYWdlIiwic2V0dGluZ3MiOnsicG9zdF9pZCI6IjEwMiJ9fQ==@&#8221; image=&#8221;https:\/\/prologis.rs\/wp-content\/uploads\/2025\/04\/tranzit-1.png&#8221; use_bg_overlay=&#8221;off&#8221; _builder_version=&#8221;4.27.4&#8243; _dynamic_attributes=&#8221;button_link,button_link_2&#8243; _module_preset=&#8221;default&#8221; background_color=&#8221;gcid-0b6b4fe3-585f-4ce1-9b38-a23b822bbe19&#8243; background_enable_color=&#8221;on&#8221; background_enable_image=&#8221;off&#8221; custom_button=&#8221;on&#8221; button_text_color=&#8221;#000000&#8243; button_bg_color=&#8221;gcid-cfd8b49e-25ab-4d84-bf79-2131131f494f&#8221; button_border_width=&#8221;0px&#8221; text_orientation=&#8221;justified&#8221; button_text_2=&#8221;Zatra\u017ei ponudu&#8221; button_link_2=&#8221;@ET-DC@eyJkeW5hbWljIjp0cnVlLCJjb250ZW50IjoicG9zdF9saW5rX3VybF9wYWdlIiwic2V0dGluZ3MiOnsicG9zdF9pZCI6IjI1MSJ9fQ==@&#8221; global_colors_info=&#8221;{%22gcid-e26288d0-0bf9-46b9-81d6-dfea2455ad3c%22:%91%22bg_overlay_color%22%93,%22gcid-0b6b4fe3-585f-4ce1-9b38-a23b822bbe19%22:%91%22background_color%22%93,%22gcid-cfd8b49e-25ab-4d84-bf79-2131131f494f%22:%91%22button_bg_color%22%93}&#8221; sticky_transition=&#8221;on&#8221;]<\/p>\n<p>Za potrebe sopstvenog voznog parka i ugovorno vezanih transportnih kompanija vr\u0161imo carinsko zastupanje pri izradi tranzitne dokumentacije&#8230;<\/p>\n<p>[\/et_pb_slide][\/et_pb_fullwidth_slider][\/et_pb_section][et_pb_section fb_built=&#8221;1&#8243; _builder_version=&#8221;4.27.4&#8243; _module_preset=&#8221;default&#8221; global_colors_info=&#8221;{}&#8221;][et_pb_row column_structure=&#8221;1_5,1_5,1_5,1_5,1_5&#8243; use_custom_gutter=&#8221;on&#8221; gutter_width=&#8221;4&#8243; make_equal=&#8221;on&#8221; _builder_version=&#8221;4.27.4&#8243; _module_preset=&#8221;default&#8221; width=&#8221;100%&#8221; max_width=&#8221;1415px&#8221; global_colors_info=&#8221;{}&#8221;][et_pb_column type=&#8221;1_5&#8243; _builder_version=&#8221;4.27.4&#8243; _module_preset=&#8221;default&#8221; global_colors_info=&#8221;{}&#8221;][et_pb_blurb title=&#8221;Unuta\u0161nji transport&#8221; use_icon=&#8221;on&#8221; font_icon=&#8221;&#xf058;||fa||900&#8243; _builder_version=&#8221;4.27.4&#8243; _module_preset=&#8221;default&#8221; text_orientation=&#8221;center&#8221; global_colors_info=&#8221;{}&#8221;][\/et_pb_blurb][\/et_pb_column][et_pb_column type=&#8221;1_5&#8243; _builder_version=&#8221;4.27.4&#8243; _module_preset=&#8221;default&#8221; global_colors_info=&#8221;{}&#8221;][et_pb_blurb title=&#8221;Me\u0111unarodni transport&#8221; use_icon=&#8221;on&#8221; font_icon=&#8221;&#xf058;||fa||900&#8243; _builder_version=&#8221;4.27.4&#8243; _module_preset=&#8221;default&#8221; text_orientation=&#8221;center&#8221; global_colors_info=&#8221;{}&#8221;][\/et_pb_blurb][\/et_pb_column][et_pb_column type=&#8221;1_5&#8243; _builder_version=&#8221;4.27.4&#8243; _module_preset=&#8221;default&#8221; global_colors_info=&#8221;{}&#8221;][et_pb_blurb title=&#8221;Carinske usluge&#8221; use_icon=&#8221;on&#8221; font_icon=&#8221;&#xf058;||fa||900&#8243; _builder_version=&#8221;4.27.4&#8243; _module_preset=&#8221;default&#8221; text_orientation=&#8221;center&#8221; locked=&#8221;off&#8221; global_colors_info=&#8221;{}&#8221;][\/et_pb_blurb][\/et_pb_column][et_pb_column type=&#8221;1_5&#8243; _builder_version=&#8221;4.27.4&#8243; _module_preset=&#8221;default&#8221; global_colors_info=&#8221;{}&#8221;][et_pb_blurb title=&#8221;Skladi\u0161ne usluge&#8221; use_icon=&#8221;on&#8221; font_icon=&#8221;&#xf058;||fa||900&#8243; _builder_version=&#8221;4.27.4&#8243; _module_preset=&#8221;default&#8221; text_orientation=&#8221;center&#8221; locked=&#8221;off&#8221; global_colors_info=&#8221;{}&#8221;][\/et_pb_blurb][\/et_pb_column][et_pb_column type=&#8221;1_5&#8243; _builder_version=&#8221;4.27.4&#8243; _module_preset=&#8221;default&#8221; global_colors_info=&#8221;{}&#8221;][et_pb_blurb title=&#8221;Ekspresne po\u0161iljke&#8221; use_icon=&#8221;on&#8221; font_icon=&#8221;&#xf058;||fa||900&#8243; _builder_version=&#8221;4.27.4&#8243; _module_preset=&#8221;default&#8221; text_orientation=&#8221;center&#8221; locked=&#8221;off&#8221; global_colors_info=&#8221;{}&#8221;][\/et_pb_blurb][\/et_pb_column][\/et_pb_row][\/et_pb_section]<\/p>\n","protected":false},"excerpt":{"rendered":"<p>Na\u0161a kompanija osnovana je 1990. godine sa ciljem da klijentima obezbedi vrhunsku logisti\u010dku podr\u0161ku i pojednostavi poslovanje kroz kompletan spektar usluga: me\u0111unarodni transport, skladi\u0161tenje i distribuciju, carinsko posredovanje, konsalting i po\u0161tanske usluge&#8230;Soptveni vozni park najnovije generacije EUR 6 kamiona, kao i \u0161iroka mre\u017ea proverenih partnera-podizvo\u0111a\u010da predstvaljaju dobitnu kombinaciju za uspe\u0161nu realizaciju svih transportnih izazova. U\u010destale [&hellip;]<\/p>\n","protected":false},"author":1,"featured_media":0,"parent":0,"menu_order":0,"comment_status":"closed","ping_status":"closed","template":"","meta":{"_et_pb_use_builder":"on","_et_pb_old_content":"","_et_gb_content_width":"","footnotes":""},"class_list":["post-45","page","type-page","status-publish","hentry"],"_links":{"self":[{"href":"https:\/\/prologis.rs\/index.php\/wp-json\/wp\/v2\/pages\/45","targetHints":{"allow":["GET"]}}],"collection":[{"href":"https:\/\/prologis.rs\/index.php\/wp-json\/wp\/v2\/pages"}],"about":[{"href":"https:\/\/prologis.rs\/index.php\/wp-json\/wp\/v2\/types\/page"}],"author":[{"embeddable":true,"href":"https:\/\/prologis.rs\/index.php\/wp-json\/wp\/v2\/users\/1"}],"replies":[{"embeddable":true,"href":"https:\/\/prologis.rs\/index.php\/wp-json\/wp\/v2\/comments?post=45"}],"version-history":[{"count":39,"href":"https:\/\/prologis.rs\/index.php\/wp-json\/wp\/v2\/pages\/45\/revisions"}],"predecessor-version":[{"id":981,"href":"https:\/\/prologis.rs\/index.php\/wp-json\/wp\/v2\/pages\/45\/revisions\/981"}],"wp:attachment":[{"href":"https:\/\/prologis.rs\/index.php\/wp-json\/wp\/v2\/media?parent=45"}],"curies":[{"name":"wp","href":"https:\/\/api.w.org\/{rel}","templated":true}]}}