{"id":59,"date":"2025-03-17T11:28:09","date_gmt":"2025-03-17T11:28:09","guid":{"rendered":"https:\/\/prologis.rs\/?page_id=59"},"modified":"2025-06-18T13:53:33","modified_gmt":"2025-06-18T13:53:33","slug":"o-nama","status":"publish","type":"page","link":"https:\/\/prologis.rs\/index.php\/o-nama\/","title":{"rendered":"O nama"},"content":{"rendered":"<p>[et_pb_section fb_built=&#8221;1&#8243; fullwidth=&#8221;on&#8221; _builder_version=&#8221;4.27.4&#8243; _module_preset=&#8221;default&#8221; global_colors_info=&#8221;{}&#8221;][et_pb_fullwidth_header text_orientation=&#8221;center&#8221; logo_image_url=&#8221;https:\/\/prologis.rs\/wp-content\/uploads\/2025\/03\/logo-divi.png&#8221; _builder_version=&#8221;4.27.4&#8243; _module_preset=&#8221;default&#8221; background_color=&#8221;gcid-0b6b4fe3-585f-4ce1-9b38-a23b822bbe19&#8243; background_enable_pattern_style=&#8221;on&#8221; background_pattern_style=&#8221;diagonal-stripes-2&#8243; background_pattern_color=&#8221;gcid-d630fd06-2a03-4e5d-b4da-64c6e2ec69e3&#8243; background_pattern_vertical_offset=&#8221;-34%&#8221; background_pattern_blend_mode=&#8221;darken&#8221; child_filter_saturate=&#8221;0%&#8221; child_filter_brightness=&#8221;200%&#8221; child_filter_blur=&#8221;11px&#8221; global_colors_info=&#8221;{%22gcid-d630fd06-2a03-4e5d-b4da-64c6e2ec69e3%22:%91%22background_pattern_color%22%93,%22gcid-0b6b4fe3-585f-4ce1-9b38-a23b822bbe19%22:%91%22background_color%22%93}&#8221; child_filter_blur__hover_enabled=&#8221;on|hover&#8221; child_filter_blur__hover=&#8221;0px&#8221;][\/et_pb_fullwidth_header][\/et_pb_section][et_pb_section fb_built=&#8221;1&#8243; _builder_version=&#8221;4.27.4&#8243; _module_preset=&#8221;default&#8221; global_colors_info=&#8221;{}&#8221;][et_pb_row _builder_version=&#8221;4.27.4&#8243; _module_preset=&#8221;default&#8221; global_colors_info=&#8221;{}&#8221;][et_pb_column type=&#8221;4_4&#8243; _builder_version=&#8221;4.27.4&#8243; _module_preset=&#8221;default&#8221; global_colors_info=&#8221;{}&#8221;][et_pb_text _builder_version=&#8221;4.27.4&#8243; _module_preset=&#8221;default&#8221; text_orientation=&#8221;justified&#8221; hover_enabled=&#8221;0&#8243; global_colors_info=&#8221;{}&#8221; text_font_size=&#8221;1rem&#8221; sticky_enabled=&#8221;0&#8243;]<\/p>\n<p data-pm-slice=\"1 1 []\"><span>Na\u0161a kompanija osnovana je 1990. godine sa ciljem da klijentima obezbedi vrhunsku logisti\u010dku podr\u0161ku i pojednostavi poslovanje kroz kompletan spektar usluga: me\u0111unarodni drumski transport, avio i brodski transport, skladi\u0161tenje i distribuciju, carinsko posredovanje, konsalting i ekspresne po\u0161iljke. Svoje prve korake na\u010dinili smo u oblasti drumskog transporta, kontinuirano prilago\u0111avaju\u0107i se dinami\u010dnim zahtevima tr\u017ei\u0161ta i pro\u0161iruju\u0107i svoju ponudu usluga kako bismo zadovoljili potrebe na\u0161ih klijenata.<\/span><\/p>\n<p><span>Tokom godina, razvijali smo sopstvene kapacitete kroz ulaganja u moderan vozni park i savremena softverska re\u0161enja, dok smo istovremeno \u0161irili na\u0161u globalnu mre\u017eu pouzdanih partnera. Ovaj razvojni put nam je omogu\u0107io da danas pru\u017eamo integrisana logisti\u010dka re\u0161enja na svim kontinentima.<\/span><\/p>\n<p><span>Neprestano usavr\u0161avanje i ulaganje u razvoj na\u0161ih kadrova osigurava najvi\u0161i standard kvaliteta u svim segmentima poslovanja. Profesionalnost, fleksibilnost i pouzdanost su principi kojima se vodimo u svakodnevnom radu, nastoje\u0107i da svaki logisti\u010dki izazov pretvorimo u priliku za jo\u0161 uspe\u0161niju saradnju.<\/span><\/p>\n<p><span>Ponosni smo na dugogodi\u0161nje partnerstvo sa vode\u0107im svetskim brodarskim i avio kompanijama, na na\u0161 moderan vozni park i napredna softverska re\u0161enja koja nam omogu\u0107avaju efikasnu i personalizovanu uslugu. Bez obzira na specifi\u010dnost zahteva, od najmanjih ekspresnih po\u0161iljki do velikih i kompleksnih logisti\u010dkih projekata, na\u0161a kompanija garantuje najkra\u0107i put do cilja.<\/span><\/p>\n<p><span>Budite deo na\u0161e pri\u010de i dozvolite da zajedno gradimo uspe\u0161nu budu\u0107nost!<\/span><\/p>\n<p>PROLOGIS&#8230; Va\u0161 logisti\u010dan izbor.<span><\/span><\/p>\n<p><span><\/span><\/p>\n<p>[\/et_pb_text][\/et_pb_column][\/et_pb_row][\/et_pb_section]<\/p>\n","protected":false},"excerpt":{"rendered":"<p>Na\u0161a kompanija osnovana je 1990. godine sa ciljem da klijentima obezbedi vrhunsku logisti\u010dku podr\u0161ku i pojednostavi poslovanje kroz kompletan spektar usluga: me\u0111unarodni drumski transport, avio i brodski transport, skladi\u0161tenje i distribuciju, carinsko posredovanje, konsalting i ekspresne po\u0161iljke. Svoje prve korake na\u010dinili smo u oblasti drumskog transporta, kontinuirano prilago\u0111avaju\u0107i se dinami\u010dnim zahtevima tr\u017ei\u0161ta i pro\u0161iruju\u0107i svoju [&hellip;]<\/p>\n","protected":false},"author":1,"featured_media":0,"parent":0,"menu_order":0,"comment_status":"closed","ping_status":"closed","template":"","meta":{"_et_pb_use_builder":"on","_et_pb_old_content":"","_et_gb_content_width":"","footnotes":""},"class_list":["post-59","page","type-page","status-publish","hentry"],"_links":{"self":[{"href":"https:\/\/prologis.rs\/index.php\/wp-json\/wp\/v2\/pages\/59","targetHints":{"allow":["GET"]}}],"collection":[{"href":"https:\/\/prologis.rs\/index.php\/wp-json\/wp\/v2\/pages"}],"about":[{"href":"https:\/\/prologis.rs\/index.php\/wp-json\/wp\/v2\/types\/page"}],"author":[{"embeddable":true,"href":"https:\/\/prologis.rs\/index.php\/wp-json\/wp\/v2\/users\/1"}],"replies":[{"embeddable":true,"href":"https:\/\/prologis.rs\/index.php\/wp-json\/wp\/v2\/comments?post=59"}],"version-history":[{"count":13,"href":"https:\/\/prologis.rs\/index.php\/wp-json\/wp\/v2\/pages\/59\/revisions"}],"predecessor-version":[{"id":591,"href":"https:\/\/prologis.rs\/index.php\/wp-json\/wp\/v2\/pages\/59\/revisions\/591"}],"wp:attachment":[{"href":"https:\/\/prologis.rs\/index.php\/wp-json\/wp\/v2\/media?parent=59"}],"curies":[{"name":"wp","href":"https:\/\/api.w.org\/{rel}","templated":true}]}}