{"id":689,"date":"2025-06-25T09:05:06","date_gmt":"2025-06-25T09:05:06","guid":{"rendered":"https:\/\/prologis.rs\/?page_id=689"},"modified":"2025-06-25T09:09:11","modified_gmt":"2025-06-25T09:09:11","slug":"legi-aruszallitas","status":"publish","type":"page","link":"https:\/\/prologis.rs\/index.php\/hu\/legi-aruszallitas\/","title":{"rendered":"L\u00e9gi \u00e1rusz\u00e1ll\u00edt\u00e1s"},"content":{"rendered":"<p>[et_pb_section fb_built=&#8221;1&#8243; fullwidth=&#8221;on&#8221; _builder_version=&#8221;4.27.4&#8243; _module_preset=&#8221;default&#8221; global_colors_info=&#8221;{}&#8221; theme_builder_area=&#8221;post_content&#8221;][et_pb_fullwidth_header title=&#8221;L\u00e9gi \u00e1rusz\u00e1ll\u00edt\u00e1s&#8221; header_fullscreen=&#8221;on&#8221; header_scroll_down=&#8221;on&#8221; scroll_down_icon=&#8221;%%3%%&#8221; content_orientation=&#8221;bottom&#8221; _builder_version=&#8221;4.27.4&#8243; _module_preset=&#8221;default&#8221; title_text_align=&#8221;left&#8221; title_font_size=&#8221;1.7rem&#8221; title_line_height=&#8221;1.3rem&#8221; subhead_font=&#8221;|||on|||||&#8221; subhead_text_color=&#8221;gcid-cfd8b49e-25ab-4d84-bf79-2131131f494f&#8221; subhead_font_size=&#8221;2.5rem&#8221; subhead_line_height=&#8221;1.2em&#8221; background_image=&#8221;https:\/\/prologis.rs\/wp-content\/uploads\/2025\/06\/cargo-plane-2.png&#8221; custom_margin=&#8221;0px|||0px|false|false&#8221; custom_padding=&#8221;0px||0px|10rem|false|false&#8221; hover_enabled=&#8221;0&#8243; global_colors_info=&#8221;{%22gcid-cfd8b49e-25ab-4d84-bf79-2131131f494f%22:%91%22subhead_text_color%22%93}&#8221; theme_builder_area=&#8221;post_content&#8221; title_text=&#8221;cargo plane&#8221; sticky_enabled=&#8221;0&#8243;][\/et_pb_fullwidth_header][\/et_pb_section][et_pb_section fb_built=&#8221;1&#8243; _builder_version=&#8221;4.27.4&#8243; _module_preset=&#8221;default&#8221; global_colors_info=&#8221;{}&#8221; theme_builder_area=&#8221;post_content&#8221;][et_pb_row _builder_version=&#8221;4.27.4&#8243; _module_preset=&#8221;default&#8221; global_colors_info=&#8221;{}&#8221; theme_builder_area=&#8221;post_content&#8221;][et_pb_column type=&#8221;4_4&#8243; _builder_version=&#8221;4.27.4&#8243; _module_preset=&#8221;default&#8221; global_colors_info=&#8221;{}&#8221; theme_builder_area=&#8221;post_content&#8221;][et_pb_text _builder_version=&#8221;4.27.4&#8243; _module_preset=&#8221;default&#8221; text_font=&#8221;&#8211;et_global_body_font||||||||&#8221; text_font_size=&#8221;1rem&#8221; hover_enabled=&#8221;0&#8243; global_colors_info=&#8221;{}&#8221; theme_builder_area=&#8221;post_content&#8221; text_orientation=&#8221;justified&#8221; sticky_enabled=&#8221;0&#8243;]<\/p>\n<div><span lang=\"EN-GB\">A leggyorsabb \u00e1rusz\u00e1ll\u00edt\u00e1si m\u00f3dra van sz\u00fcks\u00e9ge egy t\u00e1voli \u00fati c\u00e9lb\u00f3l? A l\u00e9gi \u00e1rusz\u00e1ll\u00edt\u00e1s a megold\u00e1s, \u00e9s \u00d6n j\u00f3 helyen j\u00e1r ha hozz\u00e1nk fordul. Az \u00fcgyn\u00f6k\u00f6k kiterjedt h\u00e1l\u00f3zata a rep\u00fcl\u0151tereken, szerte a vil\u00e1gon lehet\u0151v\u00e9 teszi a rakom\u00e1nyok id\u0151ben t\u00f6rt\u00e9n\u0151 \u00e9s gyors lesz\u00e1ll\u00edt\u00e1s\u00e1t. A l\u00e9gi fuvaroz\u00e1si szolg\u00e1ltat\u00e1s mag\u00e1ban foglalja a v\u00e1mk\u00f6zvet\u00edt\u0151i szolg\u00e1ltat\u00e1sokat, a rakom\u00e1ny kapacit\u00e1s saj\u00e1toss\u00e1gai miatt rakom\u00e1nytervez\u00e9st \u00e9s &#8211; csomagol\u00e1st, \u00fcgyn\u00f6ki \u00e9s tan\u00e1csad\u00e1si szolg\u00e1ltat\u00e1sokat, k\u00fcldem\u00e9nyek felv\u00e9tel\u00e9t \u00e9s k\u00e9zbes\u00edt\u00e9s\u00e9t \u201eh\u00e1zt\u00f3l h\u00e1zig\u201d elven. Mag\u00e1t\u00f3l \u00e9rtet\u0151dik, hogy az \u00d6n ig\u00e9nyeinek megfelel\u0151en azt a fuvaroz\u00f3t v\u00e1lasztjuk, amely a legr\u00f6videbb sz\u00e1ll\u00edt\u00e1si id\u0151t biztos\u00edtja az \u00d6n sz\u00e1m\u00e1ra a legjobb \u00e1ron. Kereskedhet \u00e1rukkal b\u00e1rhol a vil\u00e1gon, mi pedig rekordid\u0151 alatt sz\u00e1ll\u00edtjuk azokat.<\/span><\/div>\n<div><\/div>\n<p>[\/et_pb_text][\/et_pb_column][\/et_pb_row][\/et_pb_section]<\/p>\n","protected":false},"excerpt":{"rendered":"<p>A leggyorsabb \u00e1rusz\u00e1ll\u00edt\u00e1si m\u00f3dra van sz\u00fcks\u00e9ge egy t\u00e1voli \u00fati c\u00e9lb\u00f3l? A l\u00e9gi \u00e1rusz\u00e1ll\u00edt\u00e1s a megold\u00e1s, \u00e9s \u00d6n j\u00f3 helyen j\u00e1r ha hozz\u00e1nk fordul. Az \u00fcgyn\u00f6k\u00f6k kiterjedt h\u00e1l\u00f3zata a rep\u00fcl\u0151tereken, szerte a vil\u00e1gon lehet\u0151v\u00e9 teszi a rakom\u00e1nyok id\u0151ben t\u00f6rt\u00e9n\u0151 \u00e9s gyors lesz\u00e1ll\u00edt\u00e1s\u00e1t. A l\u00e9gi fuvaroz\u00e1si szolg\u00e1ltat\u00e1s mag\u00e1ban foglalja a v\u00e1mk\u00f6zvet\u00edt\u0151i szolg\u00e1ltat\u00e1sokat, a rakom\u00e1ny kapacit\u00e1s saj\u00e1toss\u00e1gai miatt [&hellip;]<\/p>\n","protected":false},"author":1,"featured_media":0,"parent":0,"menu_order":0,"comment_status":"closed","ping_status":"closed","template":"","meta":{"_et_pb_use_builder":"on","_et_pb_old_content":"","_et_gb_content_width":"","footnotes":""},"class_list":["post-689","page","type-page","status-publish","hentry"],"_links":{"self":[{"href":"https:\/\/prologis.rs\/index.php\/wp-json\/wp\/v2\/pages\/689","targetHints":{"allow":["GET"]}}],"collection":[{"href":"https:\/\/prologis.rs\/index.php\/wp-json\/wp\/v2\/pages"}],"about":[{"href":"https:\/\/prologis.rs\/index.php\/wp-json\/wp\/v2\/types\/page"}],"author":[{"embeddable":true,"href":"https:\/\/prologis.rs\/index.php\/wp-json\/wp\/v2\/users\/1"}],"replies":[{"embeddable":true,"href":"https:\/\/prologis.rs\/index.php\/wp-json\/wp\/v2\/comments?post=689"}],"version-history":[{"count":3,"href":"https:\/\/prologis.rs\/index.php\/wp-json\/wp\/v2\/pages\/689\/revisions"}],"predecessor-version":[{"id":694,"href":"https:\/\/prologis.rs\/index.php\/wp-json\/wp\/v2\/pages\/689\/revisions\/694"}],"wp:attachment":[{"href":"https:\/\/prologis.rs\/index.php\/wp-json\/wp\/v2\/media?parent=689"}],"curies":[{"name":"wp","href":"https:\/\/api.w.org\/{rel}","templated":true}]}}