{"id":717,"date":"2025-06-25T09:46:02","date_gmt":"2025-06-25T09:46:02","guid":{"rendered":"https:\/\/prologis.rs\/?page_id=717"},"modified":"2025-06-25T09:46:59","modified_gmt":"2025-06-25T09:46:59","slug":"hajoszallitas","status":"publish","type":"page","link":"https:\/\/prologis.rs\/index.php\/hu\/hajoszallitas\/","title":{"rendered":"Haj\u00f3sz\u00e1ll\u00edt\u00e1s"},"content":{"rendered":"<p>[et_pb_section fb_built=&#8221;1&#8243; fullwidth=&#8221;on&#8221; _builder_version=&#8221;4.27.4&#8243; _module_preset=&#8221;default&#8221; global_colors_info=&#8221;{}&#8221; theme_builder_area=&#8221;post_content&#8221;][et_pb_fullwidth_header title=&#8221;Haj\u00f3sz\u00e1ll\u00edt\u00e1s&#8221; header_fullscreen=&#8221;on&#8221; header_scroll_down=&#8221;on&#8221; scroll_down_icon=&#8221;%%3%%&#8221; content_orientation=&#8221;bottom&#8221; _builder_version=&#8221;4.27.4&#8243; _module_preset=&#8221;default&#8221; title_text_align=&#8221;left&#8221; title_font_size=&#8221;1.7rem&#8221; title_line_height=&#8221;1.3rem&#8221; subhead_font=&#8221;|||on|||||&#8221; subhead_text_color=&#8221;gcid-cfd8b49e-25ab-4d84-bf79-2131131f494f&#8221; subhead_font_size=&#8221;2.5rem&#8221; subhead_line_height=&#8221;1.2em&#8221; background_image=&#8221;https:\/\/prologis.rs\/wp-content\/uploads\/2025\/06\/cargo-ship-2.png&#8221; custom_margin=&#8221;0px|||0px|false|false&#8221; custom_padding=&#8221;0px||0px|10rem|false|false&#8221; global_colors_info=&#8221;{%22gcid-cfd8b49e-25ab-4d84-bf79-2131131f494f%22:%91%22subhead_text_color%22,%22subhead_text_color%22%93,%22gcid-e26288d0-0bf9-46b9-81d6-dfea2455ad3c%22:%91%22background_overlay_color%22%93}&#8221; theme_builder_area=&#8221;post_content&#8221;][\/et_pb_fullwidth_header][\/et_pb_section][et_pb_section fb_built=&#8221;1&#8243; _builder_version=&#8221;4.27.4&#8243; _module_preset=&#8221;default&#8221; global_colors_info=&#8221;{}&#8221; theme_builder_area=&#8221;post_content&#8221;][et_pb_row _builder_version=&#8221;4.27.4&#8243; _module_preset=&#8221;default&#8221; global_colors_info=&#8221;{}&#8221; theme_builder_area=&#8221;post_content&#8221;][et_pb_column type=&#8221;4_4&#8243; _builder_version=&#8221;4.27.4&#8243; _module_preset=&#8221;default&#8221; global_colors_info=&#8221;{}&#8221; theme_builder_area=&#8221;post_content&#8221;][et_pb_text _builder_version=&#8221;4.27.4&#8243; _module_preset=&#8221;default&#8221; text_font=&#8221;&#8211;et_global_heading_font||||||||&#8221; text_font_size=&#8221;1rem&#8221; text_orientation=&#8221;justified&#8221; global_colors_info=&#8221;{}&#8221; theme_builder_area=&#8221;post_content&#8221;]<\/p>\n<p style=\"font-weight: 400;\">\u00c9vtizedes sz\u00e1ll\u00edt\u00e1si tapasztalatunk \u00e9s a kont\u00e9neres sz\u00e1ll\u00edt\u00e1s megszervez\u00e9s\u00e9nek megb\u00edzhat\u00f3 menedzsel\u00e9se biztos\u00edtotta sz\u00e1munkra a megbiz\u00e1si szerz\u0151d\u00e9seket a vil\u00e1g vezet\u0151 sz\u00e1ll\u00edtm\u00e1nyoz\u00e1si v\u00e1llalataival. V\u00e1lassza ki a kontinenst, \u00e9s mi kiv\u00e1lasztjuk \u00d6nnek a legmegb\u00edzhat\u00f3bb \u00e9s leggyorsabb sz\u00e1ll\u00edt\u00f3t.<\/p>\n<p style=\"font-weight: 400;\">Az ilyen logisztikai szolg\u00e1ltat\u00e1sok megszervez\u00e9s\u00e9ben a k\u00ednai piac az els\u0151dleges, ahonnan minden jelent\u0151sebb kik\u00f6t\u0151b\u0151l heti rendszeress\u00e9ggel indulunk a F\u00f6ldk\u00f6zi-tenger fel\u00e9. K\u00e9pesek vagyunk gyorsan \u00e9s fontoss\u00e1gi sorrendbe \u00e1ll\u00edtani egy helyet a haj\u00f3n, f\u00fcggetlen\u00fcl att\u00f3l, hogy:<\/p>\n<p style=\"font-weight: 400;\">&#8211; Teljes rakom\u00e1nyokr\u00f3l van sz\u00f3 (FCL-full container load). A kib\u0151v\u00edtett \u00fcgyn\u00f6kh\u00e1l\u00f3zat az eml\u00edtett kik\u00f6t\u0151kben a sz\u00e1ll\u00edt\u00e1si parit\u00e1st\u00f3l f\u00fcgg\u0151en a k\u00f6vetkez\u0151 szolg\u00e1ltat\u00e1sokat ny\u00fajtja: minden t\u00edpus\u00fa sz\u00e1ll\u00edt\u00f3kont\u00e9ner kiv\u00e1laszt\u00e1sa \u00e9s felad\u00e1sa az \u00fcgyf\u00e9l k\u00e9r\u00e9se alapj\u00e1n, min\u0151s\u00e9gellen\u0151rz\u00e9s, rakod\u00e1s, kiviteli enged\u00e9ly \u00e9s v\u00e1mkezel\u00e9s indul\u00e1skor, igazol\u00f3 dokumentumok beszerz\u00e9se a behozatali szab\u00e1lyok teljes\u00edt\u00e9s\u00e9hez, kont\u00e9nerek \u00e1tv\u00e9tele \u00e9s manipul\u00e1l\u00e1sa a rendeltet\u00e9si kik\u00f6t\u0151kben, sz\u00e1ll\u00edtm\u00e1nyoz\u00e1si szolg\u00e1ltat\u00e1sok, melyeket a kont\u00e9nerek sz\u00e1ll\u00edt\u00e1s\u00e1val v\u00e9gz\u00fcnk. vas\u00faton \u00e9s k\u00f6z\u00faton, ig\u00e9ny szerint.<\/p>\n<p style=\"font-weight: 400;\">&#8211; Kollekt\u00edv rakod\u00e1s (LCL-kisebb, mint a kont\u00e9nerterhel\u00e9s). A kollekt\u00edv kont\u00e9neres sz\u00e1ll\u00edt\u00e1s szolg\u00e1ltat\u00e1st olyan \u00fcgyfeleknek aj\u00e1nljuk, akik a legfenntarthat\u00f3bb m\u00f3don kezelik k\u00e9szleteiket. Az ilyen t\u00edpus\u00fa fuvaroz\u00e1sban kiemelt jelent\u0151s\u00e9g\u0171 \u00e1r mellett a korszer\u0171 szoftvermegold\u00e1sok lehet\u0151v\u00e9 teszik az id\u0151ben, mennyis\u00e9gben \u00e9s \u00e1rban is a legk\u00f6lts\u00e9ghat\u00e9konyabb kont\u00e9nerek bevon\u00e1s\u00e1t, ami lehet\u0151v\u00e9 teszi a sz\u00e1ll\u00edt\u00e1si id\u0151 maxim\u00e1lis cs\u00f6kkent\u00e9s\u00e9t, ami a LCL sz\u00e1ll\u00edtm\u00e1nyok<span>\u00a0 <\/span>sz\u00e1ll\u00edt\u00e1s\u00e1ban a legnagyobb probl\u00e9ma.<\/p>\n<p>[\/et_pb_text][\/et_pb_column][\/et_pb_row][\/et_pb_section]<\/p>\n","protected":false},"excerpt":{"rendered":"<p>\u00c9vtizedes sz\u00e1ll\u00edt\u00e1si tapasztalatunk \u00e9s a kont\u00e9neres sz\u00e1ll\u00edt\u00e1s megszervez\u00e9s\u00e9nek megb\u00edzhat\u00f3 menedzsel\u00e9se biztos\u00edtotta sz\u00e1munkra a megbiz\u00e1si szerz\u0151d\u00e9seket a vil\u00e1g vezet\u0151 sz\u00e1ll\u00edtm\u00e1nyoz\u00e1si v\u00e1llalataival. V\u00e1lassza ki a kontinenst, \u00e9s mi kiv\u00e1lasztjuk \u00d6nnek a legmegb\u00edzhat\u00f3bb \u00e9s leggyorsabb sz\u00e1ll\u00edt\u00f3t. Az ilyen logisztikai szolg\u00e1ltat\u00e1sok megszervez\u00e9s\u00e9ben a k\u00ednai piac az els\u0151dleges, ahonnan minden jelent\u0151sebb kik\u00f6t\u0151b\u0151l heti rendszeress\u00e9ggel indulunk a F\u00f6ldk\u00f6zi-tenger fel\u00e9. K\u00e9pesek vagyunk [&hellip;]<\/p>\n","protected":false},"author":1,"featured_media":0,"parent":0,"menu_order":0,"comment_status":"closed","ping_status":"closed","template":"","meta":{"_et_pb_use_builder":"on","_et_pb_old_content":"","_et_gb_content_width":"","footnotes":""},"class_list":["post-717","page","type-page","status-publish","hentry"],"_links":{"self":[{"href":"https:\/\/prologis.rs\/index.php\/wp-json\/wp\/v2\/pages\/717","targetHints":{"allow":["GET"]}}],"collection":[{"href":"https:\/\/prologis.rs\/index.php\/wp-json\/wp\/v2\/pages"}],"about":[{"href":"https:\/\/prologis.rs\/index.php\/wp-json\/wp\/v2\/types\/page"}],"author":[{"embeddable":true,"href":"https:\/\/prologis.rs\/index.php\/wp-json\/wp\/v2\/users\/1"}],"replies":[{"embeddable":true,"href":"https:\/\/prologis.rs\/index.php\/wp-json\/wp\/v2\/comments?post=717"}],"version-history":[{"count":3,"href":"https:\/\/prologis.rs\/index.php\/wp-json\/wp\/v2\/pages\/717\/revisions"}],"predecessor-version":[{"id":721,"href":"https:\/\/prologis.rs\/index.php\/wp-json\/wp\/v2\/pages\/717\/revisions\/721"}],"wp:attachment":[{"href":"https:\/\/prologis.rs\/index.php\/wp-json\/wp\/v2\/media?parent=717"}],"curies":[{"name":"wp","href":"https:\/\/api.w.org\/{rel}","templated":true}]}}