{"id":756,"date":"2025-06-25T13:02:32","date_gmt":"2025-06-25T13:02:32","guid":{"rendered":"https:\/\/prologis.rs\/?page_id=756"},"modified":"2025-06-25T13:05:47","modified_gmt":"2025-06-25T13:05:47","slug":"vamugyintezes","status":"publish","type":"page","link":"https:\/\/prologis.rs\/index.php\/hu\/vamugyintezes\/","title":{"rendered":"V\u00e1m\u00fcgyint\u00e9z\u00e9s"},"content":{"rendered":"<p>[et_pb_section fb_built=&#8221;1&#8243; fullwidth=&#8221;on&#8221; _builder_version=&#8221;4.27.4&#8243; _module_preset=&#8221;default&#8221; global_colors_info=&#8221;{}&#8221;][et_pb_fullwidth_header title=&#8221;V\u00e1m\u00fcgyint\u00e9z\u00e9s&#8221; header_fullscreen=&#8221;on&#8221; header_scroll_down=&#8221;on&#8221; scroll_down_icon=&#8221;%%3%%&#8221; background_overlay_color=&#8221;RGBA(255,255,255,0)&#8221; content_orientation=&#8221;bottom&#8221; _builder_version=&#8221;4.27.4&#8243; _module_preset=&#8221;default&#8221; title_font_size=&#8221;1.5rem&#8221; title_line_height=&#8221;2em&#8221; subhead_font=&#8221;|||on|||||&#8221; subhead_text_color=&#8221;gcid-cfd8b49e-25ab-4d84-bf79-2131131f494f&#8221; subhead_font_size=&#8221;2.5rem&#8221; subhead_line_height=&#8221;1.2em&#8221; background_image=&#8221;https:\/\/prologis.rs\/wp-content\/uploads\/2025\/06\/customs-1.png&#8221; global_colors_info=&#8221;{%22gcid-cfd8b49e-25ab-4d84-bf79-2131131f494f%22:%91%22subhead_text_color%22%93}&#8221;][\/et_pb_fullwidth_header][\/et_pb_section][et_pb_section fb_built=&#8221;1&#8243; _builder_version=&#8221;4.27.4&#8243; _module_preset=&#8221;default&#8221; global_colors_info=&#8221;{}&#8221;][et_pb_row _builder_version=&#8221;4.27.4&#8243; _module_preset=&#8221;default&#8221; global_colors_info=&#8221;{}&#8221;][et_pb_column type=&#8221;4_4&#8243; _builder_version=&#8221;4.27.4&#8243; _module_preset=&#8221;default&#8221; global_colors_info=&#8221;{}&#8221;][et_pb_text _builder_version=&#8221;4.27.4&#8243; _module_preset=&#8221;default&#8221; text_font=&#8221;&#8211;et_global_heading_font||||||||&#8221; text_font_size=&#8221;1rem&#8221; text_orientation=&#8221;justified&#8221; global_colors_info=&#8221;{}&#8221;]<\/p>\n<p style=\"font-weight: 400;\">T\u00f6bb \u00e9vtizedes tapasztalatunk <span>\u00a0<\/span>\u00e9s \u00fcgyfeleink \u00e1ltal megk\u00f6vetelt magas sz\u00ednvonal tette lehet\u0151v\u00e9, hogy a v\u00e1m\u00fcgyn\u00f6keink az \u00e1ruk v\u00e1mkezel\u00e9s\u00e9nek legkiv\u00e1l\u00f3bb szak\u00e9rt\u0151i, \u200b\u200bb\u00e1rmely v\u00e1melj\u00e1r\u00e1s sor\u00e1n. A v\u00e1mokm\u00e1nyok id\u0151ben t\u00f6rt\u00e9n\u0151 el\u0151k\u00e9sz\u00edt\u00e9s\u00e9vel, v\u00e1mtarifa sz\u00e1m meghat\u00e1roz\u00e1s\u00e1val \u00e9s ellen\u0151rz\u00e9s\u00e9vel a v\u00e1mk\u00e9pviselet el\u0151k\u00e9sz\u00edt\u00e9si elj\u00e1r\u00e1sai a legmodernebb szoftvermegold\u00e1sokon kereszt\u00fcl val\u00f3sulnak meg az \u00e9rkez\u00e9s\u00e9re v\u00e1r\u00f3 \u00e1ruban-term\u00e9kekben.<span>\u00a0 <\/span>Az \u00f6sszes l\u00e9tez\u0151 v\u00e1melj\u00e1r\u00e1s v\u00e1mgaranci\u00e1val val\u00f3 lefedetts\u00e9ge lehet\u0151v\u00e9 teszi azok hat\u00e9kony lebonyol\u00edt\u00e1s\u00e1t \u00e9s a sz\u00e1ll\u00edtm\u00e1nynak az \u00fcgyfelek rendelkez\u00e9s\u00e9re bocs\u00e1t\u00e1s\u00e1t. A v\u00e1mkezel\u00e9si szolg\u00e1ltat\u00e1sok magukban foglalj\u00e1k a k\u00fclkereskedelempolitikai, v\u00e1mszab\u00e1lyoz\u00e1si \u00e9s ellen\u0151rz\u00e9si fel\u00fcgyeleti int\u00e9zked\u00e9sek teljes\u00edt\u00e9se \u00e9rdek\u00e9ben v\u00e9gzett valamennyi k\u00eds\u00e9r\u0151 tev\u00e9kenys\u00e9get is. Az \u00fcgyf\u00e9l k\u00fclkereskedelmi elk\u00e9pzel\u00e9seit mi a gyakorlatba helyezz\u00fck a siker \u00e9rdek\u00e9ben.<\/p>\n<p>[\/et_pb_text][\/et_pb_column][\/et_pb_row][\/et_pb_section]<\/p>\n","protected":false},"excerpt":{"rendered":"<p>T\u00f6bb \u00e9vtizedes tapasztalatunk \u00a0\u00e9s \u00fcgyfeleink \u00e1ltal megk\u00f6vetelt magas sz\u00ednvonal tette lehet\u0151v\u00e9, hogy a v\u00e1m\u00fcgyn\u00f6keink az \u00e1ruk v\u00e1mkezel\u00e9s\u00e9nek legkiv\u00e1l\u00f3bb szak\u00e9rt\u0151i, \u200b\u200bb\u00e1rmely v\u00e1melj\u00e1r\u00e1s sor\u00e1n. A v\u00e1mokm\u00e1nyok id\u0151ben t\u00f6rt\u00e9n\u0151 el\u0151k\u00e9sz\u00edt\u00e9s\u00e9vel, v\u00e1mtarifa sz\u00e1m meghat\u00e1roz\u00e1s\u00e1val \u00e9s ellen\u0151rz\u00e9s\u00e9vel a v\u00e1mk\u00e9pviselet el\u0151k\u00e9sz\u00edt\u00e9si elj\u00e1r\u00e1sai a legmodernebb szoftvermegold\u00e1sokon kereszt\u00fcl val\u00f3sulnak meg az \u00e9rkez\u00e9s\u00e9re v\u00e1r\u00f3 \u00e1ruban-term\u00e9kekben.\u00a0 Az \u00f6sszes l\u00e9tez\u0151 v\u00e1melj\u00e1r\u00e1s v\u00e1mgaranci\u00e1val val\u00f3 lefedetts\u00e9ge lehet\u0151v\u00e9 teszi [&hellip;]<\/p>\n","protected":false},"author":1,"featured_media":0,"parent":0,"menu_order":0,"comment_status":"closed","ping_status":"closed","template":"","meta":{"_et_pb_use_builder":"on","_et_pb_old_content":"","_et_gb_content_width":"","footnotes":""},"class_list":["post-756","page","type-page","status-publish","hentry"],"_links":{"self":[{"href":"https:\/\/prologis.rs\/index.php\/wp-json\/wp\/v2\/pages\/756","targetHints":{"allow":["GET"]}}],"collection":[{"href":"https:\/\/prologis.rs\/index.php\/wp-json\/wp\/v2\/pages"}],"about":[{"href":"https:\/\/prologis.rs\/index.php\/wp-json\/wp\/v2\/types\/page"}],"author":[{"embeddable":true,"href":"https:\/\/prologis.rs\/index.php\/wp-json\/wp\/v2\/users\/1"}],"replies":[{"embeddable":true,"href":"https:\/\/prologis.rs\/index.php\/wp-json\/wp\/v2\/comments?post=756"}],"version-history":[{"count":4,"href":"https:\/\/prologis.rs\/index.php\/wp-json\/wp\/v2\/pages\/756\/revisions"}],"predecessor-version":[{"id":761,"href":"https:\/\/prologis.rs\/index.php\/wp-json\/wp\/v2\/pages\/756\/revisions\/761"}],"wp:attachment":[{"href":"https:\/\/prologis.rs\/index.php\/wp-json\/wp\/v2\/media?parent=756"}],"curies":[{"name":"wp","href":"https:\/\/api.w.org\/{rel}","templated":true}]}}