{"id":768,"date":"2025-06-25T13:13:16","date_gmt":"2025-06-25T13:13:16","guid":{"rendered":"https:\/\/prologis.rs\/?page_id=768"},"modified":"2025-06-25T20:42:14","modified_gmt":"2025-06-25T20:42:14","slug":"vamugyintezes-2","status":"publish","type":"page","link":"https:\/\/prologis.rs\/index.php\/hu\/vamugyintezes-2\/","title":{"rendered":"Express k\u00fcldem\u00e9nyek"},"content":{"rendered":"\n[et_pb_section fb_built=&#8221;1&#8243; fullwidth=&#8221;on&#8221; _builder_version=&#8221;4.27.4&#8243; _module_preset=&#8221;default&#8221; global_colors_info=&#8221;{}&#8221;][et_pb_fullwidth_header title=&#8221;Express k\u00fcldem\u00e9nyek&#8221; header_fullscreen=&#8221;on&#8221; header_scroll_down=&#8221;on&#8221; scroll_down_icon=&#8221;%%3%%&#8221; background_overlay_color=&#8221;RGBA(255,255,255,0)&#8221; content_orientation=&#8221;bottom&#8221; _builder_version=&#8221;4.27.4&#8243; _module_preset=&#8221;default&#8221; title_font_size=&#8221;1.5rem&#8221; subhead_font=&#8221;|||on|||||&#8221; subhead_text_color=&#8221;gcid-cfd8b49e-25ab-4d84-bf79-2131131f494f&#8221; subhead_font_size=&#8221;2.5rem&#8221; subhead_line_height=&#8221;1.2em&#8221; background_image=&#8221;https:\/\/prologis.rs\/wp-content\/uploads\/2025\/06\/postexpress-1.png&#8221; parallax=&#8221;on&#8221; custom_margin=&#8221;|||0px|false|false&#8221; global_colors_info=&#8221;{%22gcid-cfd8b49e-25ab-4d84-bf79-2131131f494f%22:%91%22subhead_text_color%22%93}&#8221;][\/et_pb_fullwidth_header][\/et_pb_section][et_pb_section fb_built=&#8221;1&#8243; _builder_version=&#8221;4.27.4&#8243; _module_preset=&#8221;default&#8221; global_colors_info=&#8221;{}&#8221;][et_pb_row _builder_version=&#8221;4.27.4&#8243; _module_preset=&#8221;default&#8221; global_colors_info=&#8221;{}&#8221;][et_pb_column type=&#8221;4_4&#8243; _builder_version=&#8221;4.27.4&#8243; _module_preset=&#8221;default&#8221; global_colors_info=&#8221;{}&#8221;][et_pb_text _builder_version=&#8221;4.27.4&#8243; _module_preset=&#8221;default&#8221; text_font=&#8221;&#8211;et_global_heading_font||||||||&#8221; text_font_size=&#8221;1rem&#8221; text_orientation=&#8221;justified&#8221; global_colors_info=&#8221;{}&#8221;]<div>\n<div><span lang=\"EN-GB\">Az e-kereskedelem egy olyan tev\u00e9kenys\u00e9g, amely a logisztikai c\u00e9gek j\u00f6v\u0151j\u00e9t k\u00e9pviseli. Ennek a dinamikusan fejl\u00f6d\u0151 piacnak az ig\u00e9nyeihez igazodva 2024 v\u00e9g\u00e9t\u0151l az expressz k\u00fcldem\u00e9nyek kezel\u00e9s\u00e9hez enged\u00e9llyezett postai szolg\u00e1ltat\u00f3j\u00e1v\u00e1 v\u00e1ltunk. K\u00fcl\u00f6n v\u00e1mrakt\u00e1rral \u00e9s enged\u00e9llyel rendelkez\u00fcnk a postai k\u00fcldem\u00e9nyek v\u00e1mkezel\u00e9s\u00e9nek egyszer\u0171s\u00edtett elj\u00e1r\u00e1s\u00e1ra, melynek sor\u00e1n az \u00e9rkez\u0151 csomagokat n\u00e9h\u00e1ny \u00f3r\u00e1n bel\u00fcl v\u00e1logatj\u00e1k, deklar\u00e1lj\u00e1k,ellen\u0151rzik, v\u00e1mkezelik, \u00e9s k\u00e9zbes\u00edt\u00e9sre el\u0151k\u00e9sz\u00edtik a fut\u00e1rszolg\u00e1ltat\u00f3k \u00e1ltal. F\u00fcggetlen\u00fcl att\u00f3l, hogy az <span>\u00a0<\/span>\u00d6n tev\u00e9kenys\u00e9ge B2B vagy B2C \u00fczleti modellen alapul, megb\u00edzhat\u00f3 partnert k\u00e9pvisel\u00fcnk a logisztikai szolg\u00e1ltat\u00e1sok ny\u00fajt\u00e1s\u00e1ban az online kereskedelem leggyorsabb megval\u00f3s\u00edt\u00e1s\u00e1hoz. Legyen a versenyt\u00e1rsak el\u0151tt, \u00e9s mi seg\u00edt\u00fcnk, hogy csomagja rekordid\u0151 alatt el\u00e9rje v\u00e9gfelhaszn\u00e1l\u00f3it a bolyg\u00f3 b\u00e1rmely pontj\u00e1r\u00f3l. Expressz elj\u00e1r\u00e1s az \u00d6n expressz csomagjaihoz, logikus megold\u00e1s \u2013 a PROLOGIS.<\/span><\/div>\n<div><\/div>\n<\/div>\n<div><\/div>[\/et_pb_text][\/et_pb_column][\/et_pb_row][\/et_pb_section]\n","protected":false},"excerpt":{"rendered":"<p>Az e-kereskedelem egy olyan tev\u00e9kenys\u00e9g, amely a logisztikai c\u00e9gek j\u00f6v\u0151j\u00e9t k\u00e9pviseli. Ennek a dinamikusan fejl\u00f6d\u0151 piacnak az ig\u00e9nyeihez igazodva 2024 v\u00e9g\u00e9t\u0151l az expressz k\u00fcldem\u00e9nyek kezel\u00e9s\u00e9hez enged\u00e9llyezett postai szolg\u00e1ltat\u00f3j\u00e1v\u00e1 v\u00e1ltunk. K\u00fcl\u00f6n v\u00e1mrakt\u00e1rral \u00e9s enged\u00e9llyel rendelkez\u00fcnk a postai k\u00fcldem\u00e9nyek v\u00e1mkezel\u00e9s\u00e9nek egyszer\u0171s\u00edtett elj\u00e1r\u00e1s\u00e1ra, melynek sor\u00e1n az \u00e9rkez\u0151 csomagokat n\u00e9h\u00e1ny \u00f3r\u00e1n bel\u00fcl v\u00e1logatj\u00e1k, deklar\u00e1lj\u00e1k,ellen\u0151rzik, v\u00e1mkezelik, \u00e9s k\u00e9zbes\u00edt\u00e9sre el\u0151k\u00e9sz\u00edtik a [&hellip;]<\/p>\n","protected":false},"author":1,"featured_media":0,"parent":0,"menu_order":0,"comment_status":"closed","ping_status":"closed","template":"","meta":{"_et_pb_use_builder":"on","_et_pb_old_content":"","_et_gb_content_width":"","footnotes":""},"class_list":["post-768","page","type-page","status-publish","hentry"],"_links":{"self":[{"href":"https:\/\/prologis.rs\/index.php\/wp-json\/wp\/v2\/pages\/768","targetHints":{"allow":["GET"]}}],"collection":[{"href":"https:\/\/prologis.rs\/index.php\/wp-json\/wp\/v2\/pages"}],"about":[{"href":"https:\/\/prologis.rs\/index.php\/wp-json\/wp\/v2\/types\/page"}],"author":[{"embeddable":true,"href":"https:\/\/prologis.rs\/index.php\/wp-json\/wp\/v2\/users\/1"}],"replies":[{"embeddable":true,"href":"https:\/\/prologis.rs\/index.php\/wp-json\/wp\/v2\/comments?post=768"}],"version-history":[{"count":5,"href":"https:\/\/prologis.rs\/index.php\/wp-json\/wp\/v2\/pages\/768\/revisions"}],"predecessor-version":[{"id":818,"href":"https:\/\/prologis.rs\/index.php\/wp-json\/wp\/v2\/pages\/768\/revisions\/818"}],"wp:attachment":[{"href":"https:\/\/prologis.rs\/index.php\/wp-json\/wp\/v2\/media?parent=768"}],"curies":[{"name":"wp","href":"https:\/\/api.w.org\/{rel}","templated":true}]}}