{"id":775,"date":"2025-06-25T13:25:10","date_gmt":"2025-06-25T13:25:10","guid":{"rendered":"https:\/\/prologis.rs\/?page_id=775"},"modified":"2025-06-25T13:26:06","modified_gmt":"2025-06-25T13:26:06","slug":"raktarozas-es-disztribucios-szolgaltatas","status":"publish","type":"page","link":"https:\/\/prologis.rs\/index.php\/hu\/raktarozas-es-disztribucios-szolgaltatas\/","title":{"rendered":"Rakt\u00e1roz\u00e1s \u00e9s disztrib\u00faci\u00f3s szolg\u00e1ltat\u00e1s"},"content":{"rendered":"<p>[et_pb_section fb_built=&#8221;1&#8243; fullwidth=&#8221;on&#8221; _builder_version=&#8221;4.27.4&#8243; _module_preset=&#8221;default&#8221; global_colors_info=&#8221;{}&#8221; theme_builder_area=&#8221;post_content&#8221;][et_pb_fullwidth_header title=&#8221;Rakt\u00e1roz\u00e1s \u00e9s disztrib\u00faci\u00f3s szolg\u00e1ltat\u00e1s&#8221; header_fullscreen=&#8221;on&#8221; header_scroll_down=&#8221;on&#8221; scroll_down_icon=&#8221;%%3%%&#8221; background_overlay_color=&#8221;RGBA(255,255,255,0)&#8221; content_orientation=&#8221;bottom&#8221; _builder_version=&#8221;4.27.4&#8243; _module_preset=&#8221;default&#8221; title_font_size=&#8221;1.5rem&#8221; subhead_font=&#8221;|||on|||||&#8221; subhead_text_color=&#8221;gcid-cfd8b49e-25ab-4d84-bf79-2131131f494f&#8221; subhead_font_size=&#8221;2.5rem&#8221; subhead_line_height=&#8221;1.2em&#8221; background_image=&#8221;https:\/\/prologis.rs\/wp-content\/uploads\/2025\/06\/warehouse.png&#8221; parallax=&#8221;on&#8221; global_colors_info=&#8221;{%22gcid-cfd8b49e-25ab-4d84-bf79-2131131f494f%22:%91%22subhead_text_color%22%93}&#8221; theme_builder_area=&#8221;post_content&#8221;][\/et_pb_fullwidth_header][\/et_pb_section][et_pb_section fb_built=&#8221;1&#8243; _builder_version=&#8221;4.27.4&#8243; _module_preset=&#8221;default&#8221; global_colors_info=&#8221;{}&#8221; theme_builder_area=&#8221;post_content&#8221;][et_pb_row _builder_version=&#8221;4.27.4&#8243; _module_preset=&#8221;default&#8221; global_colors_info=&#8221;{}&#8221; theme_builder_area=&#8221;post_content&#8221;][et_pb_column type=&#8221;4_4&#8243; _builder_version=&#8221;4.27.4&#8243; _module_preset=&#8221;default&#8221; global_colors_info=&#8221;{}&#8221; theme_builder_area=&#8221;post_content&#8221;][et_pb_text _builder_version=&#8221;4.27.4&#8243; _module_preset=&#8221;default&#8221; text_font=&#8221;&#8211;et_global_body_font||||||||&#8221; text_font_size=&#8221;1rem&#8221; text_orientation=&#8221;justified&#8221; global_colors_info=&#8221;{}&#8221; theme_builder_area=&#8221;post_content&#8221;]<\/p>\n<div><span lang=\"EN-GB\">A trendeket k\u00f6vetve \u00e9s a modern logisztika l\u00fcktet\u00e9s\u00e9t \u00e9rz\u00e9kelve rakt\u00e1roz\u00e1si \u00e9s disztrib\u00faci\u00f3s szolg\u00e1ltat\u00e1sokat is be\u00e9p\u00edtett\u00fcnk portf\u00f3li\u00f3nkba, \u00e9s ezzel egy korszer\u0171 3PL logisztikai szolg\u00e1ltat\u00f3 minden tev\u00e9kenys\u00e9g\u00e9t el tudjuk v\u00e9gezni. Rendelkez\u00fcnk z\u00e1rt t\u00edpus\u00fa, padl\u00f3s \u00e9s \u00e1llv\u00e1nyos k\u00f6zv\u00e1mrakt\u00e1rral, valamint egy kereskedelmi rakt\u00e1rral, amelyben a v\u00e1melj\u00e1r\u00e1sok lezajl\u00e1sa ut\u00e1n felk\u00e9sz\u00edtj\u00fck az \u00e1rut kisz\u00e1ll\u00edt\u00e1sra \u00e9s eloszt\u00e1sra az \u00fcgyfelek ig\u00e9nyei szerint. A modern WMS szoftverek seg\u00edts\u00e9g\u00e9vel a folyamatok prec\u00edzen megszervezettek \u00e9s magukban foglalj\u00e1k: t\u00e1rol\u00e1s, berakod\u00e1s, kirakod\u00e1s, \u00e1trakod\u00e1s, cimk\u00e9z\u00e9s, csomagol\u00e1s, sztreccsel\u00e9s, raklapoz\u00e1s, el\u0151k\u00e9sz\u00edt\u00e9s<span>\u00a0 <\/span>az illet\u00e9kes szervek ellen\u0151rz\u00e9s\u00e9hez, valamint minden egy\u00e9b logisztikai szolg\u00e1ltat\u00e1s, amely ahhoz sz\u00fcks\u00e9ges, hogy az \u00e1ruk biztons\u00e1gosan eljussanak a v\u00e9gfelhaszn\u00e1l\u00f3khoz. <\/span><\/div>\n<div><span lang=\"EN-GB\">A modern kereskedelem manaps\u00e1g elk\u00e9pzelhetetlen e-kereskedelem n\u00e9lk\u00fcl. Az elk\u00e9sz\u00fclt hat\u00f3s\u00e1gi ellen\u0151rz\u00e9sek ut\u00e1n, a kisz\u00e1ll\u00edt\u00e1sra el\u0151k\u00e9sz\u00edtett sz\u00e1ll\u00edtm\u00e1nyokat saj\u00e1t flott\u00e1nkkal \u00e9s szerz\u0151d\u00e9ses alv\u00e1llalkoz\u00f3k seg\u00edts\u00e9g\u00e9vel sz\u00e9tosztjuk \u00e9s lesz\u00e1ll\u00edtjuk, \u00edgy az \u00fcgyfelek bez\u00e1rhatj\u00e1k az ell\u00e1t\u00e1si l\u00e1nc k\u00f6r\u00e9t, \u00e9s az els\u0151dleges tev\u00e9kenys\u00e9g\u00fckre koncentr\u00e1lhatnak \u00e9s ez\u00e1ltal profitot n\u00f6velhetnek. A rakt\u00e1roz\u00e1si oszt\u00e1lyunk rendelkezik egy nyitott t\u00edpus\u00fa k\u00f6zv\u00e1mrakt\u00e1rral is, ahol szem\u00e9lyg\u00e9pkocsik, k\u00f6nny\u0171 \u00e9s neh\u00e9z teherg\u00e9pj\u00e1rm\u0171vek t\u00e1rol\u00e1s\u00e1t, v\u00e1mkezel\u00e9s\u00e9t, kisz\u00e1ll\u00edt\u00e1s\u00e1t, valamint az import\u00e1lt j\u00e1rm\u0171vek z\u00f6kken\u0151mentes nyilv\u00e1ntart\u00e1sba v\u00e9tel\u00e9hez sz\u00fcks\u00e9ges enged\u00e9lyek beszerz\u00e9s\u00e9t v\u00e9gezz\u00fck. Mivel a k\u00e9szletbiztons\u00e1g a legfontosabb sz\u00e1munkra, a nyitott rakt\u00e1rt j\u00e9ges\u0151 elleni h\u00e1l\u00f3val biztos\u00edtjuk. A korszer\u0171 \u00e9s hat\u00e9kony logisztika a mi k\u00edn\u00e1latunk amit \u00d6n\u00f6knek aj\u00e1nlani tudunk.<\/span><\/div>\n<div><\/div>\n<p>[\/et_pb_text][\/et_pb_column][\/et_pb_row][\/et_pb_section]<\/p>\n","protected":false},"excerpt":{"rendered":"<p>A trendeket k\u00f6vetve \u00e9s a modern logisztika l\u00fcktet\u00e9s\u00e9t \u00e9rz\u00e9kelve rakt\u00e1roz\u00e1si \u00e9s disztrib\u00faci\u00f3s szolg\u00e1ltat\u00e1sokat is be\u00e9p\u00edtett\u00fcnk portf\u00f3li\u00f3nkba, \u00e9s ezzel egy korszer\u0171 3PL logisztikai szolg\u00e1ltat\u00f3 minden tev\u00e9kenys\u00e9g\u00e9t el tudjuk v\u00e9gezni. Rendelkez\u00fcnk z\u00e1rt t\u00edpus\u00fa, padl\u00f3s \u00e9s \u00e1llv\u00e1nyos k\u00f6zv\u00e1mrakt\u00e1rral, valamint egy kereskedelmi rakt\u00e1rral, amelyben a v\u00e1melj\u00e1r\u00e1sok lezajl\u00e1sa ut\u00e1n felk\u00e9sz\u00edtj\u00fck az \u00e1rut kisz\u00e1ll\u00edt\u00e1sra \u00e9s eloszt\u00e1sra az \u00fcgyfelek ig\u00e9nyei szerint. A [&hellip;]<\/p>\n","protected":false},"author":1,"featured_media":0,"parent":0,"menu_order":0,"comment_status":"closed","ping_status":"closed","template":"","meta":{"_et_pb_use_builder":"on","_et_pb_old_content":"","_et_gb_content_width":"","footnotes":""},"class_list":["post-775","page","type-page","status-publish","hentry"],"_links":{"self":[{"href":"https:\/\/prologis.rs\/index.php\/wp-json\/wp\/v2\/pages\/775","targetHints":{"allow":["GET"]}}],"collection":[{"href":"https:\/\/prologis.rs\/index.php\/wp-json\/wp\/v2\/pages"}],"about":[{"href":"https:\/\/prologis.rs\/index.php\/wp-json\/wp\/v2\/types\/page"}],"author":[{"embeddable":true,"href":"https:\/\/prologis.rs\/index.php\/wp-json\/wp\/v2\/users\/1"}],"replies":[{"embeddable":true,"href":"https:\/\/prologis.rs\/index.php\/wp-json\/wp\/v2\/comments?post=775"}],"version-history":[{"count":3,"href":"https:\/\/prologis.rs\/index.php\/wp-json\/wp\/v2\/pages\/775\/revisions"}],"predecessor-version":[{"id":779,"href":"https:\/\/prologis.rs\/index.php\/wp-json\/wp\/v2\/pages\/775\/revisions\/779"}],"wp:attachment":[{"href":"https:\/\/prologis.rs\/index.php\/wp-json\/wp\/v2\/media?parent=775"}],"curies":[{"name":"wp","href":"https:\/\/api.w.org\/{rel}","templated":true}]}}