{"id":781,"date":"2025-06-25T13:30:07","date_gmt":"2025-06-25T13:30:07","guid":{"rendered":"https:\/\/prologis.rs\/?page_id=781"},"modified":"2025-06-25T13:30:53","modified_gmt":"2025-06-25T13:30:53","slug":"tranzitszallitas-t-okmany","status":"publish","type":"page","link":"https:\/\/prologis.rs\/index.php\/hu\/tranzitszallitas-t-okmany\/","title":{"rendered":"Tranzitsz\u00e1ll\u00edt\u00e1s (T-okm\u00e1ny)"},"content":{"rendered":"<p>[et_pb_section fb_built=&#8221;1&#8243; fullwidth=&#8221;on&#8221; _builder_version=&#8221;4.27.4&#8243; _module_preset=&#8221;default&#8221; global_colors_info=&#8221;{}&#8221; theme_builder_area=&#8221;post_content&#8221;][et_pb_fullwidth_header title=&#8221;Tranzitsz\u00e1ll\u00edt\u00e1s (T-okm\u00e1ny)&#8221; header_fullscreen=&#8221;on&#8221; header_scroll_down=&#8221;on&#8221; scroll_down_icon=&#8221;%%3%%&#8221; background_overlay_color=&#8221;RGBA(255,255,255,0)&#8221; content_orientation=&#8221;bottom&#8221; _builder_version=&#8221;4.27.4&#8243; _module_preset=&#8221;default&#8221; title_font_size=&#8221;1.5rem&#8221; title_line_height=&#8221;2.2em&#8221; subhead_font=&#8221;|||on|||||&#8221; subhead_text_color=&#8221;gcid-cfd8b49e-25ab-4d84-bf79-2131131f494f&#8221; subhead_font_size=&#8221;2.5rem&#8221; subhead_line_height=&#8221;1.2em&#8221; background_image=&#8221;https:\/\/prologis.rs\/wp-content\/uploads\/2025\/06\/transit.png&#8221; parallax=&#8221;on&#8221; global_colors_info=&#8221;{%22gcid-cfd8b49e-25ab-4d84-bf79-2131131f494f%22:%91%22subhead_text_color%22%93}&#8221; theme_builder_area=&#8221;post_content&#8221;][\/et_pb_fullwidth_header][\/et_pb_section][et_pb_section fb_built=&#8221;1&#8243; _builder_version=&#8221;4.27.4&#8243; _module_preset=&#8221;default&#8221; global_colors_info=&#8221;{}&#8221; theme_builder_area=&#8221;post_content&#8221;][et_pb_row _builder_version=&#8221;4.27.4&#8243; _module_preset=&#8221;default&#8221; global_colors_info=&#8221;{}&#8221; theme_builder_area=&#8221;post_content&#8221;][et_pb_column type=&#8221;4_4&#8243; _builder_version=&#8221;4.27.4&#8243; _module_preset=&#8221;default&#8221; global_colors_info=&#8221;{}&#8221; theme_builder_area=&#8221;post_content&#8221;][et_pb_text _builder_version=&#8221;4.27.4&#8243; _module_preset=&#8221;default&#8221; text_font=&#8221;&#8211;et_global_heading_font||||||||&#8221; text_font_size=&#8221;1rem&#8221; global_colors_info=&#8221;{}&#8221; theme_builder_area=&#8221;post_content&#8221;]<\/p>\n<div><span lang=\"EN-GB\">A saj\u00e1t flott\u00e1nk, <span>\u00a0<\/span>valamint a vel\u00fcnk szerz\u0151d\u00e9st k\u00f6t\u00f6tt fuvaroz\u00f3 c\u00e9gek ig\u00e9nyeire v\u00e1mk\u00e9pviseletet biztos\u00edtunk az \u00e1rutov\u00e1bb\u00edt\u00e1si okm\u00e1nyok elk\u00e9sz\u00edt\u00e9se sor\u00e1n, \u00fagy a nemzeti \u00e1rutov\u00e1bb\u00edt\u00e1si elj\u00e1r\u00e1sokn\u00e1l, mint a k\u00f6z\u00f6s \u00e1rutov\u00e1bb\u00edt\u00e1si elj\u00e1r\u00e1sokn\u00e1l &#8211; T1 Szerbi\u00e1b\u00f3l EU-orsz\u00e1gokba, mely elj\u00e1r\u00e1s biztos\u00edtja az \u00e1ruk \u00e9s a sz\u00e1ll\u00edt\u00e1si kapacit\u00e1sok leghat\u00e9konyabb tranzitj\u00e1t az adott \u00fatvonalon.<\/span><\/div>\n<div><\/div>\n<p>[\/et_pb_text][\/et_pb_column][\/et_pb_row][\/et_pb_section]<\/p>\n","protected":false},"excerpt":{"rendered":"<p>A saj\u00e1t flott\u00e1nk, \u00a0valamint a vel\u00fcnk szerz\u0151d\u00e9st k\u00f6t\u00f6tt fuvaroz\u00f3 c\u00e9gek ig\u00e9nyeire v\u00e1mk\u00e9pviseletet biztos\u00edtunk az \u00e1rutov\u00e1bb\u00edt\u00e1si okm\u00e1nyok elk\u00e9sz\u00edt\u00e9se sor\u00e1n, \u00fagy a nemzeti \u00e1rutov\u00e1bb\u00edt\u00e1si elj\u00e1r\u00e1sokn\u00e1l, mint a k\u00f6z\u00f6s \u00e1rutov\u00e1bb\u00edt\u00e1si elj\u00e1r\u00e1sokn\u00e1l &#8211; T1 Szerbi\u00e1b\u00f3l EU-orsz\u00e1gokba, mely elj\u00e1r\u00e1s biztos\u00edtja az \u00e1ruk \u00e9s a sz\u00e1ll\u00edt\u00e1si kapacit\u00e1sok leghat\u00e9konyabb tranzitj\u00e1t az adott \u00fatvonalon.<\/p>\n","protected":false},"author":1,"featured_media":0,"parent":0,"menu_order":0,"comment_status":"closed","ping_status":"closed","template":"","meta":{"_et_pb_use_builder":"on","_et_pb_old_content":"","_et_gb_content_width":"","footnotes":""},"class_list":["post-781","page","type-page","status-publish","hentry"],"_links":{"self":[{"href":"https:\/\/prologis.rs\/index.php\/wp-json\/wp\/v2\/pages\/781","targetHints":{"allow":["GET"]}}],"collection":[{"href":"https:\/\/prologis.rs\/index.php\/wp-json\/wp\/v2\/pages"}],"about":[{"href":"https:\/\/prologis.rs\/index.php\/wp-json\/wp\/v2\/types\/page"}],"author":[{"embeddable":true,"href":"https:\/\/prologis.rs\/index.php\/wp-json\/wp\/v2\/users\/1"}],"replies":[{"embeddable":true,"href":"https:\/\/prologis.rs\/index.php\/wp-json\/wp\/v2\/comments?post=781"}],"version-history":[{"count":3,"href":"https:\/\/prologis.rs\/index.php\/wp-json\/wp\/v2\/pages\/781\/revisions"}],"predecessor-version":[{"id":785,"href":"https:\/\/prologis.rs\/index.php\/wp-json\/wp\/v2\/pages\/781\/revisions\/785"}],"wp:attachment":[{"href":"https:\/\/prologis.rs\/index.php\/wp-json\/wp\/v2\/media?parent=781"}],"curies":[{"name":"wp","href":"https:\/\/api.w.org\/{rel}","templated":true}]}}