{"id":789,"date":"2025-06-25T19:58:55","date_gmt":"2025-06-25T19:58:55","guid":{"rendered":"https:\/\/prologis.rs\/?page_id=789"},"modified":"2025-06-25T20:18:02","modified_gmt":"2025-06-25T20:18:02","slug":"ajanlatkeres","status":"publish","type":"page","link":"https:\/\/prologis.rs\/index.php\/hu\/ajanlatkeres\/","title":{"rendered":"Aj\u00e1nlatk\u00e9r\u00e9s"},"content":{"rendered":"<p>[et_pb_section fb_built=&#8221;1&#8243; _builder_version=&#8221;4.27.4&#8243; _module_preset=&#8221;default&#8221; global_colors_info=&#8221;{}&#8221; theme_builder_area=&#8221;post_content&#8221;][et_pb_row _builder_version=&#8221;4.27.4&#8243; _module_preset=&#8221;default&#8221; custom_margin=&#8221;|auto|22px|auto||&#8221; global_colors_info=&#8221;{}&#8221; theme_builder_area=&#8221;post_content&#8221;][et_pb_column type=&#8221;4_4&#8243; _builder_version=&#8221;4.27.4&#8243; _module_preset=&#8221;default&#8221; global_colors_info=&#8221;{}&#8221; theme_builder_area=&#8221;post_content&#8221;][et_pb_text _builder_version=&#8221;4.27.4&#8243; _module_preset=&#8221;default&#8221; header_text_align=&#8221;center&#8221; header_font_size=&#8221;2rem&#8221; header_line_height=&#8221;1.3em&#8221; hover_enabled=&#8221;0&#8243; global_colors_info=&#8221;{}&#8221; theme_builder_area=&#8221;post_content&#8221; text_font_size=&#8221;15px&#8221; sticky_enabled=&#8221;0&#8243;]<\/p>\n<h1><b>K\u00e9szen \u00e1ll a logisztikai el\u0151rel\u00e9p\u00e9sre? K\u00e9rjen aj\u00e1nlatot, \u00e9s fedezze fel az \u00d6n ig\u00e9nyeihez igazod\u00f3 megold\u00e1sokat a sz\u00e1ll\u00edt\u00e1s, a sz\u00e1ll\u00edtm\u00e1nyoz\u00e1s, a rakt\u00e1roz\u00e1s \u00e9s a postai szolg\u00e1ltat\u00e1sok ter\u00fclet\u00e9n.<\/b><\/h1>\n<p>[\/et_pb_text][\/et_pb_column][\/et_pb_row][et_pb_row column_structure=&#8221;1_2,1_2&#8243; _builder_version=&#8221;4.27.4&#8243; _module_preset=&#8221;default&#8221; custom_margin=&#8221;|auto|22px|auto||&#8221; global_colors_info=&#8221;{}&#8221; theme_builder_area=&#8221;post_content&#8221;][et_pb_column type=&#8221;1_2&#8243; _builder_version=&#8221;4.27.4&#8243; _module_preset=&#8221;default&#8221; global_colors_info=&#8221;{}&#8221; theme_builder_area=&#8221;post_content&#8221;][et_pb_blurb title=&#8221;\u00c1rusz\u00e1ll\u00edt\u00e1s&#8221; url=&#8221;mailto:transport@prologis.rs&#8221; use_icon=&#8221;on&#8221; font_icon=&#8221;&#xf674;||fa||900&#8243; icon_placement=&#8221;left&#8221; image_icon_width=&#8221;110px&#8221; icon_color_last_edited=&#8221;off|desktop&#8221; _builder_version=&#8221;4.27.4&#8243; _module_preset=&#8221;default&#8221; header_font_size=&#8221;2rem&#8221; header_line_height=&#8221;2.4em&#8221; global_colors_info=&#8221;{%22gcid-0b6b4fe3-585f-4ce1-9b38-a23b822bbe19%22:%91%22icon_color__hover%22%93}&#8221; icon_color__hover_enabled=&#8221;on|hover&#8221; icon_color__hover=&#8221;#221f1f&#8221; theme_builder_area=&#8221;post_content&#8221;][\/et_pb_blurb][\/et_pb_column][et_pb_column type=&#8221;1_2&#8243; _builder_version=&#8221;4.27.4&#8243; _module_preset=&#8221;default&#8221; global_colors_info=&#8221;{}&#8221; theme_builder_area=&#8221;post_content&#8221;][et_pb_blurb title=&#8221;Sz\u00e1ll\u00edtm\u00e1nyoz\u00e1s&#8221; url=&#8221;mailto:spedicija@prologis.rs&#8221; use_icon=&#8221;on&#8221; font_icon=&#8221;&#xf674;||fa||900&#8243; icon_placement=&#8221;left&#8221; image_icon_width=&#8221;110px&#8221; _builder_version=&#8221;4.27.4&#8243; _module_preset=&#8221;default&#8221; header_font_size=&#8221;2rem&#8221; header_line_height=&#8221;2.4em&#8221; global_colors_info=&#8221;{%22gcid-0b6b4fe3-585f-4ce1-9b38-a23b822bbe19%22:%91%22icon_color__hover%22%93}&#8221; icon_color__hover_enabled=&#8221;on|hover&#8221; icon_color__hover=&#8221;#221f1f&#8221; theme_builder_area=&#8221;post_content&#8221;][\/et_pb_blurb][\/et_pb_column][\/et_pb_row][et_pb_row column_structure=&#8221;1_2,1_2&#8243; _builder_version=&#8221;4.27.4&#8243; _module_preset=&#8221;default&#8221; global_colors_info=&#8221;{}&#8221; theme_builder_area=&#8221;post_content&#8221;][et_pb_column type=&#8221;1_2&#8243; _builder_version=&#8221;4.27.4&#8243; _module_preset=&#8221;default&#8221; global_colors_info=&#8221;{}&#8221; theme_builder_area=&#8221;post_content&#8221;][et_pb_blurb title=&#8221;Rakt\u00e1roz\u00e1s&#8221; url=&#8221;mailto:skladiste@prologis.rs&#8221; use_icon=&#8221;on&#8221; font_icon=&#8221;&#xf674;||fa||900&#8243; icon_placement=&#8221;left&#8221; image_icon_width=&#8221;110px&#8221; _builder_version=&#8221;4.27.4&#8243; _module_preset=&#8221;default&#8221; header_font_size=&#8221;2rem&#8221; header_line_height=&#8221;2.4em&#8221; hover_enabled=&#8221;0&#8243; global_colors_info=&#8221;{%22gcid-0b6b4fe3-585f-4ce1-9b38-a23b822bbe19%22:%91%22icon_color__hover%22%93}&#8221; icon_color__hover_enabled=&#8221;on|hover&#8221; icon_color__hover=&#8221;#221f1f&#8221; theme_builder_area=&#8221;post_content&#8221; sticky_enabled=&#8221;0&#8243;][\/et_pb_blurb][\/et_pb_column][et_pb_column type=&#8221;1_2&#8243; _builder_version=&#8221;4.27.4&#8243; _module_preset=&#8221;default&#8221; global_colors_info=&#8221;{}&#8221; theme_builder_area=&#8221;post_content&#8221;][et_pb_blurb title=&#8221;Csomagsz\u00e1ll\u00edt\u00e1s&#8221; url=&#8221;mailto:ep@prologis.rs&#8221; use_icon=&#8221;on&#8221; font_icon=&#8221;&#xf674;||fa||900&#8243; icon_placement=&#8221;left&#8221; image_icon_width=&#8221;110px&#8221; _builder_version=&#8221;4.27.4&#8243; _module_preset=&#8221;default&#8221; header_font_size=&#8221;2rem&#8221; header_line_height=&#8221;2.4em&#8221; global_colors_info=&#8221;{%22gcid-0b6b4fe3-585f-4ce1-9b38-a23b822bbe19%22:%91%22icon_color__hover%22%93}&#8221; icon_color__hover_enabled=&#8221;on|hover&#8221; icon_color__hover=&#8221;#221f1f&#8221; theme_builder_area=&#8221;post_content&#8221;][\/et_pb_blurb][\/et_pb_column][\/et_pb_row][\/et_pb_section]<\/p>\n","protected":false},"excerpt":{"rendered":"<p>K\u00e9szen \u00e1ll a logisztikai el\u0151rel\u00e9p\u00e9sre? K\u00e9rjen aj\u00e1nlatot, \u00e9s fedezze fel az \u00d6n ig\u00e9nyeihez igazod\u00f3 megold\u00e1sokat a sz\u00e1ll\u00edt\u00e1s, a sz\u00e1ll\u00edtm\u00e1nyoz\u00e1s, a rakt\u00e1roz\u00e1s \u00e9s a postai szolg\u00e1ltat\u00e1sok ter\u00fclet\u00e9n.<\/p>\n","protected":false},"author":1,"featured_media":0,"parent":0,"menu_order":0,"comment_status":"closed","ping_status":"closed","template":"","meta":{"_et_pb_use_builder":"on","_et_pb_old_content":"","_et_gb_content_width":"","footnotes":""},"class_list":["post-789","page","type-page","status-publish","hentry"],"_links":{"self":[{"href":"https:\/\/prologis.rs\/index.php\/wp-json\/wp\/v2\/pages\/789","targetHints":{"allow":["GET"]}}],"collection":[{"href":"https:\/\/prologis.rs\/index.php\/wp-json\/wp\/v2\/pages"}],"about":[{"href":"https:\/\/prologis.rs\/index.php\/wp-json\/wp\/v2\/types\/page"}],"author":[{"embeddable":true,"href":"https:\/\/prologis.rs\/index.php\/wp-json\/wp\/v2\/users\/1"}],"replies":[{"embeddable":true,"href":"https:\/\/prologis.rs\/index.php\/wp-json\/wp\/v2\/comments?post=789"}],"version-history":[{"count":2,"href":"https:\/\/prologis.rs\/index.php\/wp-json\/wp\/v2\/pages\/789\/revisions"}],"predecessor-version":[{"id":792,"href":"https:\/\/prologis.rs\/index.php\/wp-json\/wp\/v2\/pages\/789\/revisions\/792"}],"wp:attachment":[{"href":"https:\/\/prologis.rs\/index.php\/wp-json\/wp\/v2\/media?parent=789"}],"curies":[{"name":"wp","href":"https:\/\/api.w.org\/{rel}","templated":true}]}}