{"id":92,"date":"2025-03-17T13:59:26","date_gmt":"2025-03-17T13:59:26","guid":{"rendered":"https:\/\/prologis.rs\/?page_id=92"},"modified":"2025-12-29T21:58:24","modified_gmt":"2025-12-29T21:58:24","slug":"drumski-transport","status":"publish","type":"page","link":"https:\/\/prologis.rs\/index.php\/drumski-transport\/","title":{"rendered":"Drumski Transport"},"content":{"rendered":"<p>[et_pb_section fb_built=&#8221;1&#8243; fullwidth=&#8221;on&#8221; _builder_version=&#8221;4.27.4&#8243; _module_preset=&#8221;default&#8221; global_colors_info=&#8221;{}&#8221;][et_pb_fullwidth_header title=&#8221;Drumski Transport&#8221; header_fullscreen=&#8221;on&#8221; content_orientation=&#8221;bottom&#8221; _builder_version=&#8221;4.27.4&#8243; _module_preset=&#8221;default&#8221; title_text_align=&#8221;left&#8221; title_font_size=&#8221;1.7rem&#8221; title_line_height=&#8221;1.3em&#8221; subhead_font=&#8221;|||on|||||&#8221; subhead_text_color=&#8221;gcid-cfd8b49e-25ab-4d84-bf79-2131131f494f&#8221; subhead_font_size=&#8221;2.5rem&#8221; subhead_line_height=&#8221;1.2em&#8221; background_image=&#8221;https:\/\/prologis.rs\/wp-content\/uploads\/2025\/06\/cargo-truck.png&#8221; module_alignment=&#8221;left&#8221; custom_margin=&#8221;0px||2px||false|false&#8221; custom_padding=&#8221;|||10rem|false|false&#8221; hover_enabled=&#8221;0&#8243; global_colors_info=&#8221;{%22gcid-cfd8b49e-25ab-4d84-bf79-2131131f494f%22:%91%22subhead_text_color%22%93}&#8221; sticky_enabled=&#8221;0&#8243;][\/et_pb_fullwidth_header][\/et_pb_section][et_pb_section fb_built=&#8221;1&#8243; _builder_version=&#8221;4.27.4&#8243; _module_preset=&#8221;default&#8221; global_colors_info=&#8221;{}&#8221;][et_pb_row _builder_version=&#8221;4.27.4&#8243; _module_preset=&#8221;default&#8221; global_colors_info=&#8221;{}&#8221;][et_pb_column type=&#8221;4_4&#8243; _builder_version=&#8221;4.27.4&#8243; _module_preset=&#8221;default&#8221; global_colors_info=&#8221;{}&#8221;][et_pb_text _builder_version=&#8221;4.27.4&#8243; _module_preset=&#8221;default&#8221; text_font=&#8221;&#8211;et_global_heading_font||||||||&#8221; text_font_size=&#8221;1rem&#8221; global_colors_info=&#8221;{}&#8221;]<\/p>\n<p style=\"text-align: justify;\">Soptveni vozni park najnovije generacije EUR 6 kamiona , kao i \u0161iroka mre\u017ea proverenih partnera-podizvo\u0111a\u010da predstvaljaju\u00a0 dobitnu kombinaciju za uspe\u0161nu realizaciju svih transportnih izazova . U\u010destale promene na tr\u017ei\u0161tu me\u0111unarodnog transporta su napravile od nas fleksibilnog prevoznika koji u rekordnom roku ispunjava sve zahteve klijenata. Podela na teritorije , zemlje , okruge i gradove ne spada u domen na\u0161eg poslovanja. Va\u0161a roba u na\u0161oj organizaciji transporta uvek nalazi najekspeditivniju i najrentabilniju rutu do odredi\u0161ta.<\/p>\n<p style=\"text-align: justify;\">Savremenu podelu\u00a0 me\u0111unarodnog transporta uspe\u0161no smo ugradili u u temelje sektora\u00a0 drumskog transporta. Na jednako kvalitetan na\u010din ispunjavamo zahteve\u00a0 za:<\/p>\n<p style=\"text-align: justify;\">&#8211; Punim utovarima (FTL-full transport load) u toku kojih se\u00a0 po\u0161iljka poverena na\u0161oj kompaniji prati\u00a0 preko modernih GPS sistema\u00a0 , te su na\u0161i zaposleni u mogu\u0107nosti pru\u017eiti informaciju o statusu tovara u realnom vremenu . U skladu sa CMR konvencijom posedujemo adekvatne \u00a0polise osiguranja , a u mogu\u0107nosti smo po najpovoljnijim uslovima osigurati Va\u0161u robu u transport. Osim punih utovara u standardne\u00a0 tautliner, mega i tandem vozila obezbe\u0111ujemo i\u00a0 transporte hladnja\u010dama\u00a0 pod temperaturnim re\u017eimom, transport ekspresnih po\u0161iljki pick up i kombi vozilima , vremenski kriti\u010dne transporte sa tranzitnim vremenom kao prioritetom koje pokrivamo duplim posadama , specijalne transportne vangabaritnih po\u0161iljki \u00a0, a u u\u017eu specijalnost spada\u00a0 transport ADR po\u0161iljki. Sva na\u0161a vozila poseduje opremu i licence za transport opasnih materija, a voza\u010di adekvatne certifikate za rukovanje ADR tovarima u toku transporta. Stalno usavr\u0161avanje i sticanje novih znanja predstavlja obavezu svakog zaposlenog u cilju ispunjenja sve rigoroznijih normi u me\u0111unarodnom transportu.<\/p>\n<p style=\"text-align: justify;\">&#8211; Zbirnim utovarima (LTL-less than truckload) koji predstavljaju va\u017ean segment na\u0161eg poslovanja. Sektor zbirnog transporta je u prethodnim godinama pro\u0161ao kroz najkorenitije promene . Period prilago\u0111avanja\u00a0 potrebama\u00a0 kllijenata i opipavanje pulsa\u00a0 na turbulenton\u00a0 tr\u017ei\u0161ta prevoza \u00a0zbirnih po\u0161iljki u\u010dinio nas je respektabilnim igra\u010dem u ovoj grani me\u0111unarodnog\u00a0 transporta , te \u00a0na nedeljnom nivou raspola\u017eemo \u00a0zbirnim linijama prema\u00a0 svim evropskim destinacijama u uvozu i u izvozu . Implementacija najsavrermenijih softverskih re\u0161enja, vi\u0161edecenijsko iskustvo , znanje stranih jezika \u00a0kao i doma\u0107inski a profesionalni\u00a0 odnos na\u0161ih logisti\u010dara \u00a0prema \u00a0po\u0161iljkama uz standardno povoljne i\u00a0 prihvatljive cene , omogu\u0107ili su na\u0161im klijentima potrebnu fleksibilnost u raspolaganju zalihama, brz protok roba, a samim tim i visok stepen konkurentnosti u okviru ove delatnost.<\/p>\n<p>[\/et_pb_text][\/et_pb_column][\/et_pb_row][\/et_pb_section]<\/p>\n","protected":false},"excerpt":{"rendered":"<p>Soptveni vozni park najnovije generacije EUR 6 kamiona , kao i \u0161iroka mre\u017ea proverenih partnera-podizvo\u0111a\u010da predstvaljaju\u00a0 dobitnu kombinaciju za uspe\u0161nu realizaciju svih transportnih izazova . U\u010destale promene na tr\u017ei\u0161tu me\u0111unarodnog transporta su napravile od nas fleksibilnog prevoznika koji u rekordnom roku ispunjava sve zahteve klijenata. Podela na teritorije , zemlje , okruge i gradove ne [&hellip;]<\/p>\n","protected":false},"author":1,"featured_media":0,"parent":0,"menu_order":0,"comment_status":"closed","ping_status":"closed","template":"","meta":{"_et_pb_use_builder":"on","_et_pb_old_content":"","_et_gb_content_width":"","footnotes":""},"class_list":["post-92","page","type-page","status-publish","hentry"],"_links":{"self":[{"href":"https:\/\/prologis.rs\/index.php\/wp-json\/wp\/v2\/pages\/92","targetHints":{"allow":["GET"]}}],"collection":[{"href":"https:\/\/prologis.rs\/index.php\/wp-json\/wp\/v2\/pages"}],"about":[{"href":"https:\/\/prologis.rs\/index.php\/wp-json\/wp\/v2\/types\/page"}],"author":[{"embeddable":true,"href":"https:\/\/prologis.rs\/index.php\/wp-json\/wp\/v2\/users\/1"}],"replies":[{"embeddable":true,"href":"https:\/\/prologis.rs\/index.php\/wp-json\/wp\/v2\/comments?post=92"}],"version-history":[{"count":27,"href":"https:\/\/prologis.rs\/index.php\/wp-json\/wp\/v2\/pages\/92\/revisions"}],"predecessor-version":[{"id":999,"href":"https:\/\/prologis.rs\/index.php\/wp-json\/wp\/v2\/pages\/92\/revisions\/999"}],"wp:attachment":[{"href":"https:\/\/prologis.rs\/index.php\/wp-json\/wp\/v2\/media?parent=92"}],"curies":[{"name":"wp","href":"https:\/\/api.w.org\/{rel}","templated":true}]}}