{"id":94,"date":"2025-03-17T13:59:40","date_gmt":"2025-03-17T13:59:40","guid":{"rendered":"https:\/\/prologis.rs\/?page_id=94"},"modified":"2025-11-15T10:40:02","modified_gmt":"2025-11-15T10:40:02","slug":"brodski-transport","status":"publish","type":"page","link":"https:\/\/prologis.rs\/index.php\/brodski-transport\/","title":{"rendered":"Brodski Transport"},"content":{"rendered":"<p>[et_pb_section fb_built=&#8221;1&#8243; fullwidth=&#8221;on&#8221; _builder_version=&#8221;4.27.4&#8243; _module_preset=&#8221;default&#8221; global_colors_info=&#8221;{}&#8221;][et_pb_fullwidth_header title=&#8221;Brodski Transport&#8221; header_fullscreen=&#8221;on&#8221; header_scroll_down=&#8221;on&#8221; scroll_down_icon=&#8221;%%3%%&#8221; content_orientation=&#8221;bottom&#8221; _builder_version=&#8221;4.27.4&#8243; _module_preset=&#8221;default&#8221; title_text_align=&#8221;left&#8221; title_font_size=&#8221;1.7rem&#8221; title_line_height=&#8221;1.3rem&#8221; subhead_font=&#8221;|||on|||||&#8221; subhead_text_color=&#8221;gcid-cfd8b49e-25ab-4d84-bf79-2131131f494f&#8221; subhead_font_size=&#8221;2.5rem&#8221; subhead_line_height=&#8221;1.2em&#8221; background_image=&#8221;https:\/\/prologis.rs\/wp-content\/uploads\/2025\/06\/cargo-ship-2.png&#8221; custom_margin=&#8221;0px|||0px|false|false&#8221; custom_padding=&#8221;0px||0px|10rem|false|false&#8221; global_colors_info=&#8221;{%22gcid-cfd8b49e-25ab-4d84-bf79-2131131f494f%22:%91%22subhead_text_color%22,%22subhead_text_color%22%93,%22gcid-e26288d0-0bf9-46b9-81d6-dfea2455ad3c%22:%91%22background_overlay_color%22%93}&#8221;][\/et_pb_fullwidth_header][\/et_pb_section][et_pb_section fb_built=&#8221;1&#8243; _builder_version=&#8221;4.27.4&#8243; _module_preset=&#8221;default&#8221; global_colors_info=&#8221;{}&#8221;][et_pb_row _builder_version=&#8221;4.27.4&#8243; _module_preset=&#8221;default&#8221; global_colors_info=&#8221;{}&#8221;][et_pb_column type=&#8221;4_4&#8243; _builder_version=&#8221;4.27.4&#8243; _module_preset=&#8221;default&#8221; global_colors_info=&#8221;{}&#8221;][et_pb_text _builder_version=&#8221;4.27.4&#8243; _module_preset=&#8221;default&#8221; text_font=&#8221;&#8211;et_global_heading_font||||||||&#8221; text_font_size=&#8221;1rem&#8221; text_orientation=&#8221;justified&#8221; global_colors_info=&#8221;{}&#8221;]<\/p>\n<p>Vi\u0161edecenijsko iskustvo i pouzdan na\u010din vo\u0111enja organizacije kontejnerskog transporta obezbedili su na ugovore sa vode\u0107im svetskim brodarskim ku\u0107ama.Izaberite kontinent , a mi \u0107emo za Vas izabrati najpouzdanijeg i najekspeditivnijem brodara.<\/p>\n<p>Primat u organizacije ovakvih logisti\u010dkih usluga ima tr\u017ei\u0161te Kine , na kojem raspola\u017eemo nedeljnim polascima iz svih glavih luka ka Mediteranu. Sposobni smo brzo i prioritetno da obezbedimo mesto na brodu, bez obzira da li se radi o:<\/p>\n<p>&#8211; Punim\u00a0 utovarima (FCL-full container load).Ra\u0161irena mre\u017ea agenta o pomenuti lukama obezbe\u0111uje slede\u0107e usluge u zavisnosti od pariteta isporuke:odabir i slanje svih tipova brodskih kontejnera na osnovu zahteva klijenta,kontrola kvaliteta,utovar,izvozne licence i carinjenja na polasku, pribavljanje prate\u0107e dokumentacije radi ispunjavanja uvoznih re\u017eima, prihvat i manipuacija kontejnera u odredi\u0161nim lukama, \u0161pediterske usluge reexpedicije\u00a0 i transport kontejnera do odredi\u0161ta,\u010diju realizaciju radimo \u017eeleznicom i drumom u zavisnoti od zahteva.<\/p>\n<p>&#8211; Zbirnim utovarima (LCL-less than container load). Uslugu zbirnog kontejnerskog transporta koriste klijenti koji zalihama rukovode na najdodr\u017eiviji na\u010din.Osim cene koja je prioritet u ovakvom vidu transporta , modernim softverskim re\u0161enjima omogu\u0107avamo anga\u017eovanje terminski,zapreminski i cenovno najisplativij kontejnera , \u0161to omogu\u0107uje maksimalno smanjenje tranzitnog vremena, koje predstavlja najve\u0107i problem u LCL prevozu po\u0161iljki.<\/p>\n<p>[\/et_pb_text][\/et_pb_column][\/et_pb_row][\/et_pb_section]<\/p>\n","protected":false},"excerpt":{"rendered":"<p>Vi\u0161edecenijsko iskustvo i pouzdan na\u010din vo\u0111enja organizacije kontejnerskog transporta obezbedili su na ugovore sa vode\u0107im svetskim brodarskim ku\u0107ama.Izaberite kontinent , a mi \u0107emo za Vas izabrati najpouzdanijeg i najekspeditivnijem brodara. Primat u organizacije ovakvih logisti\u010dkih usluga ima tr\u017ei\u0161te Kine , na kojem raspola\u017eemo nedeljnim polascima iz svih glavih luka ka Mediteranu. Sposobni smo brzo i [&hellip;]<\/p>\n","protected":false},"author":1,"featured_media":0,"parent":0,"menu_order":0,"comment_status":"closed","ping_status":"closed","template":"","meta":{"_et_pb_use_builder":"on","_et_pb_old_content":"<!-- wp:divi\/placeholder \/-->","_et_gb_content_width":"","footnotes":""},"class_list":["post-94","page","type-page","status-publish","hentry"],"_links":{"self":[{"href":"https:\/\/prologis.rs\/index.php\/wp-json\/wp\/v2\/pages\/94","targetHints":{"allow":["GET"]}}],"collection":[{"href":"https:\/\/prologis.rs\/index.php\/wp-json\/wp\/v2\/pages"}],"about":[{"href":"https:\/\/prologis.rs\/index.php\/wp-json\/wp\/v2\/types\/page"}],"author":[{"embeddable":true,"href":"https:\/\/prologis.rs\/index.php\/wp-json\/wp\/v2\/users\/1"}],"replies":[{"embeddable":true,"href":"https:\/\/prologis.rs\/index.php\/wp-json\/wp\/v2\/comments?post=94"}],"version-history":[{"count":13,"href":"https:\/\/prologis.rs\/index.php\/wp-json\/wp\/v2\/pages\/94\/revisions"}],"predecessor-version":[{"id":895,"href":"https:\/\/prologis.rs\/index.php\/wp-json\/wp\/v2\/pages\/94\/revisions\/895"}],"wp:attachment":[{"href":"https:\/\/prologis.rs\/index.php\/wp-json\/wp\/v2\/media?parent=94"}],"curies":[{"name":"wp","href":"https:\/\/api.w.org\/{rel}","templated":true}]}}